{"id":1016,"date":"2023-01-24T09:49:44","date_gmt":"2023-01-24T09:49:44","guid":{"rendered":"https:\/\/www.urbantree.ch\/?page_id=1016"},"modified":"2023-02-23T09:26:27","modified_gmt":"2023-02-23T09:26:27","slug":"boden","status":"publish","type":"page","link":"https:\/\/www.urbantree.ch\/index.php\/boden\/","title":{"rendered":"boden"},"content":{"rendered":"\t\t<div data-elementor-type=\"wp-page\" data-elementor-id=\"1016\" class=\"elementor elementor-1016\">\n\t\t\t\t\t\t<section class=\"elementor-section elementor-top-section elementor-element elementor-element-ef92d30 elementor-section-full_width elementor-section-height-default elementor-section-height-default\" data-id=\"ef92d30\" data-element_type=\"section\" data-e-type=\"section\">\n\t\t\t\t\t\t<div class=\"elementor-container elementor-column-gap-default\">\n\t\t\t\t\t<div class=\"elementor-column elementor-col-100 elementor-top-column elementor-element elementor-element-bdf47b1\" data-id=\"bdf47b1\" data-element_type=\"column\" data-e-type=\"column\">\n\t\t\t<div class=\"elementor-widget-wrap elementor-element-populated\">\n\t\t\t\t\t\t<div class=\"elementor-element elementor-element-4be2fbd elementor-widget elementor-widget-heading\" data-id=\"4be2fbd\" data-element_type=\"widget\" data-e-type=\"widget\" data-widget_type=\"heading.default\">\n\t\t\t\t<div class=\"elementor-widget-container\">\n\t\t\t\t\t<h1 class=\"elementor-heading-title elementor-size-default\">Boden oder Substrat?<\/h1>\t\t\t\t<\/div>\n\t\t\t\t<\/div>\n\t\t\t\t\t<\/div>\n\t\t<\/div>\n\t\t\t\t\t<\/div>\n\t\t<\/section>\n\t\t\t\t<section class=\"elementor-section elementor-top-section elementor-element elementor-element-4d3637a elementor-section-full_width elementor-section-height-default elementor-section-height-default\" data-id=\"4d3637a\" data-element_type=\"section\" data-e-type=\"section\">\n\t\t\t\t\t\t<div class=\"elementor-container elementor-column-gap-default\">\n\t\t\t\t\t<div class=\"elementor-column elementor-col-100 elementor-top-column elementor-element elementor-element-a98169f\" data-id=\"a98169f\" data-element_type=\"column\" data-e-type=\"column\">\n\t\t\t<div class=\"elementor-widget-wrap elementor-element-populated\">\n\t\t\t\t\t\t<div class=\"elementor-element elementor-element-0957247 elementor-widget elementor-widget-text-editor\" data-id=\"0957247\" data-element_type=\"widget\" data-e-type=\"widget\" data-widget_type=\"text-editor.default\">\n\t\t\t\t<div class=\"elementor-widget-container\">\n\t\t\t\t\t\t\t\t\t<p>Grunds\u00e4tzlich wird zwischen Boden und Substrat unterschieden. Wobei man unter Boden den gewachsenen, nat\u00fcrlichen oder naturnahen Untergrund meint. Das Substrat ist ein technisches, von Mensch eingebrachtes Material.<\/p><p>Beide m\u00fcssen verschiedene Funktionen aufweisen, damit ein Baum darin gedeihen und langfristig bestehen kann.<\/p><p>So sind sie zum Beispiel verantwortlich f\u00fcr<\/p><ul><li>die Sauerstoffversorgung<\/li><li>die Wasserversorgung<\/li><li>die N\u00e4hrstoffversorgung<\/li><li>die korrekte Temperatur<\/li><li>die Verankerung des Baumes<\/li><\/ul><p>\u00a0<\/p><p>Im Stadtraum ist aufgrund der Nutzung in der Regel kein nat\u00fcrlicher Boden mehr vorhanden. So wird der Untergrund von Strassen zum Beispiel auf das Befahren von 40-T\u00f6nnern ausgelegt. Das ist nur mit einem stark verdichtbaren Material m\u00f6glich, von einem nat\u00fcrlichen Boden kann da nicht mehr gesprochen werden.<\/p>\t\t\t\t\t\t\t\t<\/div>\n\t\t\t\t<\/div>\n\t\t\t\t\t<\/div>\n\t\t<\/div>\n\t\t\t\t\t<\/div>\n\t\t<\/section>\n\t\t\t\t<section class=\"elementor-section elementor-top-section elementor-element elementor-element-df2e2f7 elementor-section-full_width elementor-section-height-default elementor-section-height-default\" data-id=\"df2e2f7\" data-element_type=\"section\" data-e-type=\"section\">\n\t\t\t\t\t\t<div class=\"elementor-container elementor-column-gap-default\">\n\t\t\t\t\t<div class=\"elementor-column elementor-col-100 elementor-top-column elementor-element elementor-element-108acdb\" data-id=\"108acdb\" data-element_type=\"column\" data-e-type=\"column\">\n\t\t\t<div class=\"elementor-widget-wrap elementor-element-populated\">\n\t\t\t\t\t\t<div class=\"elementor-element elementor-element-754cdc8 elementor-widget elementor-widget-heading\" data-id=\"754cdc8\" data-element_type=\"widget\" data-e-type=\"widget\" data-widget_type=\"heading.default\">\n\t\t\t\t<div class=\"elementor-widget-container\">\n\t\t\t\t\t<h2 class=\"elementor-heading-title elementor-size-default\">Boden<\/h2>\t\t\t\t<\/div>\n\t\t\t\t<\/div>\n\t\t\t\t\t<\/div>\n\t\t<\/div>\n\t\t\t\t\t<\/div>\n\t\t<\/section>\n\t\t\t\t<section class=\"elementor-section elementor-top-section elementor-element elementor-element-42a93b9 elementor-section-full_width elementor-section-height-default elementor-section-height-default\" data-id=\"42a93b9\" data-element_type=\"section\" data-e-type=\"section\">\n\t\t\t\t\t\t<div class=\"elementor-container elementor-column-gap-default\">\n\t\t\t\t\t<div class=\"elementor-column elementor-col-100 elementor-top-column elementor-element elementor-element-b275ef3\" data-id=\"b275ef3\" data-element_type=\"column\" data-e-type=\"column\">\n\t\t\t<div class=\"elementor-widget-wrap elementor-element-populated\">\n\t\t\t\t\t\t<div class=\"elementor-element elementor-element-4a6b82a elementor-widget elementor-widget-text-editor\" data-id=\"4a6b82a\" data-element_type=\"widget\" data-e-type=\"widget\" data-widget_type=\"text-editor.default\">\n\t\t\t\t<div class=\"elementor-widget-container\">\n\t\t\t\t\t\t\t\t\t<p>Ein nat\u00fcrlicher Boden ist w\u00e4hrend Jahrtausenden von Jahren gewachsen und wird in verschiedene Horizonte eingeteilt. Bodenhorizonte sind Bereiche innerhalb des Bodens, die einheitlich \u00e4hnliche Merkmale und Eigenschaften besitzen und sich von dar\u00fcberliegenden oder darunterfolgenden Bereichen unterscheiden. Die Prozesse der Bodenbildung und -entwicklung (Pedogenese) beeinflussen oder durchdringen den Boden in der Regel vertikal von oben nach unten.<\/p><p>Dies sind vor allem nat\u00fcrliche Prozesse, also physikalische oder chemische Verwitterung (durch Einwirkung von Hitze, K\u00e4lte, Niederschl\u00e4gen), biologische Aktivit\u00e4t (Pflanzenwurzeln, Bodenlebewesen, w\u00fchlende Tiere, Mikroorganismen) oder Ein-\/Auswaschung von Stoffen mit dem Niederschlags- und Sickerwasser.<\/p><p>In besiedelten Regionen nimmt mittlerweile auch der Mensch grossen Einfluss (Bodenumlagerung, Materialeintrag, Pfl\u00fcgen\u2026).<br \/>(Quelle Wikipedia, <a href=\"https:\/\/de.wikipedia.org\/wiki\/Bodenhorizont\" target=\"_blank\" rel=\"noopener\">Bodenhorizont<\/a>).<\/p>\t\t\t\t\t\t\t\t<\/div>\n\t\t\t\t<\/div>\n\t\t\t\t\t<\/div>\n\t\t<\/div>\n\t\t\t\t\t<\/div>\n\t\t<\/section>\n\t\t\t\t<section class=\"elementor-section elementor-top-section elementor-element elementor-element-bcd8beb elementor-section-full_width elementor-section-height-default elementor-section-height-default\" data-id=\"bcd8beb\" data-element_type=\"section\" data-e-type=\"section\">\n\t\t\t\t\t\t<div class=\"elementor-container elementor-column-gap-default\">\n\t\t\t\t\t<div class=\"elementor-column elementor-col-100 elementor-top-column elementor-element elementor-element-c050802\" data-id=\"c050802\" data-element_type=\"column\" data-e-type=\"column\">\n\t\t\t<div class=\"elementor-widget-wrap elementor-element-populated\">\n\t\t\t\t\t\t<section class=\"elementor-section elementor-inner-section elementor-element elementor-element-7a40977 elementor-section-full_width elementor-reverse-tablet elementor-reverse-mobile elementor-section-height-default elementor-section-height-default\" data-id=\"7a40977\" data-element_type=\"section\" data-e-type=\"section\">\n\t\t\t\t\t\t<div class=\"elementor-container elementor-column-gap-default\">\n\t\t\t\t\t<div class=\"elementor-column elementor-col-50 elementor-inner-column elementor-element elementor-element-a9951e4\" data-id=\"a9951e4\" data-element_type=\"column\" data-e-type=\"column\">\n\t\t\t<div class=\"elementor-widget-wrap elementor-element-populated\">\n\t\t\t\t\t\t<div class=\"elementor-element elementor-element-1eab84a elementor-widget elementor-widget-text-editor\" data-id=\"1eab84a\" data-element_type=\"widget\" data-e-type=\"widget\" data-widget_type=\"text-editor.default\">\n\t\t\t\t<div class=\"elementor-widget-container\">\n\t\t\t\t\t\t\t\t\t<p><strong>Die verschiedenen Bodenhorizonte<\/strong><\/p><p>o = Organischer Horizont, dem Mineralboden aufliegend.<\/p><p>A= Mineralhorizont im Oberboden mit akkumuliertem Humus und\/oder an Mineralstoffen verarmt (in ariden Gebieten auch angereichert).<\/p><p>B= Mineralhorizont im Unterboden mit ver\u00e4ndertem Mineralbestand durch Einlagerungen aus dem Oberboden und\/oder Verwitterung.<\/p><p>C= Lockergestein mit grabbarer Feinerde<\/p><p>R= Festgestein<\/p><p>(Quelle: Lehrbuch der Bodenkunde, Seite 474, 15. Auflage, Scheffer \/ Schachtschnabel)<\/p>\t\t\t\t\t\t\t\t<\/div>\n\t\t\t\t<\/div>\n\t\t\t\t\t<\/div>\n\t\t<\/div>\n\t\t\t\t<div class=\"elementor-column elementor-col-50 elementor-inner-column elementor-element elementor-element-264bc7f\" data-id=\"264bc7f\" data-element_type=\"column\" data-e-type=\"column\">\n\t\t\t<div class=\"elementor-widget-wrap elementor-element-populated\">\n\t\t\t\t\t\t<div class=\"elementor-element elementor-element-c892991 elementor-widget elementor-widget-image\" data-id=\"c892991\" data-element_type=\"widget\" data-e-type=\"widget\" data-widget_type=\"image.default\">\n\t\t\t\t<div class=\"elementor-widget-container\">\n\t\t\t\t\t\t\t\t\t\t\t\t<figure class=\"wp-caption\">\n\t\t\t\t\t\t\t\t\t\t\t<a href=\"https:\/\/www.urbantree.ch\/wp-content\/uploads\/2023\/01\/urbantree_bodenhorizonte.png\" data-elementor-open-lightbox=\"yes\" data-elementor-lightbox-title=\"urbantree_bodenhorizonte\" data-e-action-hash=\"#elementor-action%3Aaction%3Dlightbox%26settings%3DeyJpZCI6MTQ4MywidXJsIjoiaHR0cHM6XC9cL3d3dy51cmJhbnRyZWUuY2hcL3dwLWNvbnRlbnRcL3VwbG9hZHNcLzIwMjNcLzAxXC91cmJhbnRyZWVfYm9kZW5ob3Jpem9udGUucG5nIn0%3D\">\n\t\t\t\t\t\t\t<img fetchpriority=\"high\" decoding=\"async\" width=\"207\" height=\"300\" src=\"https:\/\/www.urbantree.ch\/wp-content\/uploads\/2023\/01\/urbantree_bodenhorizonte-207x300.png\" class=\"attachment-medium size-medium wp-image-1483\" alt=\"\" srcset=\"https:\/\/www.urbantree.ch\/wp-content\/uploads\/2023\/01\/urbantree_bodenhorizonte-207x300.png 207w, https:\/\/www.urbantree.ch\/wp-content\/uploads\/2023\/01\/urbantree_bodenhorizonte.png 414w\" sizes=\"(max-width: 207px) 100vw, 207px\" \/>\t\t\t\t\t\t\t\t<\/a>\n\t\t\t\t\t\t\t\t\t\t\t<figcaption class=\"widget-image-caption wp-caption-text\">Bodenhorizonte (Bildquelle: Wikipedia, Tom\u00e0s Kebert)<\/figcaption>\n\t\t\t\t\t\t\t\t\t\t<\/figure>\n\t\t\t\t\t\t\t\t\t<\/div>\n\t\t\t\t<\/div>\n\t\t\t\t\t<\/div>\n\t\t<\/div>\n\t\t\t\t\t<\/div>\n\t\t<\/section>\n\t\t\t\t\t<\/div>\n\t\t<\/div>\n\t\t\t\t\t<\/div>\n\t\t<\/section>\n\t\t\t\t<section class=\"elementor-section elementor-top-section elementor-element elementor-element-7951ffa elementor-section-full_width elementor-section-height-default elementor-section-height-default\" data-id=\"7951ffa\" data-element_type=\"section\" data-e-type=\"section\">\n\t\t\t\t\t\t<div class=\"elementor-container elementor-column-gap-default\">\n\t\t\t\t\t<div class=\"elementor-column elementor-col-100 elementor-top-column elementor-element elementor-element-0086b36\" data-id=\"0086b36\" data-element_type=\"column\" data-e-type=\"column\">\n\t\t\t<div class=\"elementor-widget-wrap elementor-element-populated\">\n\t\t\t\t\t\t<div class=\"elementor-element elementor-element-b39b000 elementor-widget elementor-widget-text-editor\" data-id=\"b39b000\" data-element_type=\"widget\" data-e-type=\"widget\" data-widget_type=\"text-editor.default\">\n\t\t\t\t<div class=\"elementor-widget-container\">\n\t\t\t\t\t\t\t\t\t<div style=\"display: block;\" role=\"tabpanel\" data-tab=\"3\" aria-labelledby=\"elementor-tab-title-1653\"><section data-id=\"60edfb9\" data-element_type=\"section\"><div><div data-id=\"68cd2d1\" data-element_type=\"column\"><div><div data-id=\"f953542\" data-element_type=\"widget\" data-widget_type=\"text-editor.default\"><div>Je nach geologischer Lage entwickeln sich unterschiedliche B\u00f6den.<\/div><div>Im Kanton Z\u00fcrich dominieren vor allem Braunerde, Kalkbraunerde sowie Parabraunerde (Quelle: <a href=\"https:\/\/maps.zh.ch\/\" target=\"_blank\" rel=\"noopener\">GIS-Browser Kanton Z\u00fcrich, Bodenkarte der Landwirtschaftsfl\u00e4chen<\/a>).<\/div><div>Die Braunerde weist einen humosen A-Horizont auf, welcher in der Regel gleitend in einen B-Horizont \u00fcbergeht. Darunter folgt in einer Tiefe von 25 &#8211; 150 Zentimeter Tiefe der C-Horizont.<\/div><div>(Quelle: Lehrbuch der Bodenkunde, Seite 496, 15. Auflage, Scheffer \/ Schachtschnabel)<\/div><\/div><\/div><\/div><\/div><\/section><\/div>\t\t\t\t\t\t\t\t<\/div>\n\t\t\t\t<\/div>\n\t\t\t\t\t<\/div>\n\t\t<\/div>\n\t\t\t\t\t<\/div>\n\t\t<\/section>\n\t\t\t\t<section class=\"elementor-section elementor-top-section elementor-element elementor-element-e263855 elementor-section-full_width elementor-section-height-default elementor-section-height-default\" data-id=\"e263855\" data-element_type=\"section\" data-e-type=\"section\">\n\t\t\t\t\t\t<div class=\"elementor-container elementor-column-gap-default\">\n\t\t\t\t\t<div class=\"elementor-column elementor-col-100 elementor-top-column elementor-element elementor-element-5321894\" data-id=\"5321894\" data-element_type=\"column\" data-e-type=\"column\">\n\t\t\t<div class=\"elementor-widget-wrap elementor-element-populated\">\n\t\t\t\t\t\t<div class=\"elementor-element elementor-element-2072107 elementor-widget elementor-widget-heading\" data-id=\"2072107\" data-element_type=\"widget\" data-e-type=\"widget\" data-widget_type=\"heading.default\">\n\t\t\t\t<div class=\"elementor-widget-container\">\n\t\t\t\t\t<h2 class=\"elementor-heading-title elementor-size-default\">Von B\u00e4umen genutzter Wurzelraum<\/h2>\t\t\t\t<\/div>\n\t\t\t\t<\/div>\n\t\t\t\t\t<\/div>\n\t\t<\/div>\n\t\t\t\t\t<\/div>\n\t\t<\/section>\n\t\t\t\t<section class=\"elementor-section elementor-top-section elementor-element elementor-element-040fb0d elementor-section-full_width elementor-section-height-default elementor-section-height-default\" data-id=\"040fb0d\" data-element_type=\"section\" data-e-type=\"section\">\n\t\t\t\t\t\t<div class=\"elementor-container elementor-column-gap-default\">\n\t\t\t\t\t<div class=\"elementor-column elementor-col-100 elementor-top-column elementor-element elementor-element-f4a007d\" data-id=\"f4a007d\" data-element_type=\"column\" data-e-type=\"column\">\n\t\t\t<div class=\"elementor-widget-wrap elementor-element-populated\">\n\t\t\t\t\t\t<div class=\"elementor-element elementor-element-ad26bf7 elementor-widget elementor-widget-text-editor\" data-id=\"ad26bf7\" data-element_type=\"widget\" data-e-type=\"widget\" data-widget_type=\"text-editor.default\">\n\t\t\t\t<div class=\"elementor-widget-container\">\n\t\t\t\t\t\t\t\t\t<p>Aus obigem Abschnitt geht hervor, dass in Braunerde-B\u00f6den der C-Horizont bereits in einer Tiefe von 25 &#8211; 150 Zentimetern beginnt. Der C-Horizont besteht aus Lockergestein und grabbarer Feinerde. Ausser, um sich im Boden zu verankern und Mineralien aus dem Lockergestein herauszul\u00f6sen, gibt es f\u00fcr einen Baum wenig Gr\u00fcnde, dort zu Wurzeln.<\/p>\n<p>Viel interessanter f\u00fcr den Baum sind der A- und der B-Horizont. Dort befindet sich das Bodenleben, wo der Baum Symbiosen mit Pilzen und Mikroorganismen eingehen kann. Diese beiden Horizonte haben auch die F\u00e4higkeit, Wasser und Luft in Poren bereitzustellen.<\/p>\n<p>Den gr\u00f6ssten Anteil an Wurzeln findet man entsprechend in einer Tiefe von nur 0 &#8211; 60 Zentimetern. Um so gravierender f\u00fcr den Baum ist es, wenn diese Bodenschichten entfernt, gest\u00f6rt oder verdichtet werden.<\/p>\t\t\t\t\t\t\t\t<\/div>\n\t\t\t\t<\/div>\n\t\t\t\t\t<\/div>\n\t\t<\/div>\n\t\t\t\t\t<\/div>\n\t\t<\/section>\n\t\t\t\t<section class=\"elementor-section elementor-top-section elementor-element elementor-element-c9fd0ce elementor-section-full_width elementor-section-height-default elementor-section-height-default\" data-id=\"c9fd0ce\" data-element_type=\"section\" data-e-type=\"section\">\n\t\t\t\t\t\t<div class=\"elementor-container elementor-column-gap-default\">\n\t\t\t\t\t<div class=\"elementor-column elementor-col-100 elementor-top-column elementor-element elementor-element-38a983b\" data-id=\"38a983b\" data-element_type=\"column\" data-e-type=\"column\">\n\t\t\t<div class=\"elementor-widget-wrap elementor-element-populated\">\n\t\t\t\t\t\t<div class=\"elementor-element elementor-element-f385d66 elementor-widget elementor-widget-heading\" data-id=\"f385d66\" data-element_type=\"widget\" data-e-type=\"widget\" data-widget_type=\"heading.default\">\n\t\t\t\t<div class=\"elementor-widget-container\">\n\t\t\t\t\t<h2 class=\"elementor-heading-title elementor-size-default\">Substrat<\/h2>\t\t\t\t<\/div>\n\t\t\t\t<\/div>\n\t\t\t\t\t<\/div>\n\t\t<\/div>\n\t\t\t\t\t<\/div>\n\t\t<\/section>\n\t\t\t\t<section class=\"elementor-section elementor-top-section elementor-element elementor-element-89f53df elementor-section-full_width elementor-section-height-default elementor-section-height-default\" data-id=\"89f53df\" data-element_type=\"section\" data-e-type=\"section\">\n\t\t\t\t\t\t<div class=\"elementor-container elementor-column-gap-default\">\n\t\t\t\t\t<div class=\"elementor-column elementor-col-100 elementor-top-column elementor-element elementor-element-6b22532\" data-id=\"6b22532\" data-element_type=\"column\" data-e-type=\"column\">\n\t\t\t<div class=\"elementor-widget-wrap elementor-element-populated\">\n\t\t\t\t\t\t<div class=\"elementor-element elementor-element-373be29 elementor-widget elementor-widget-text-editor\" data-id=\"373be29\" data-element_type=\"widget\" data-e-type=\"widget\" data-widget_type=\"text-editor.default\">\n\t\t\t\t<div class=\"elementor-widget-container\">\n\t\t\t\t\t\t\t\t\t<p>Ein Substrat sollte idealerweise \u00e4hnliche Eigenschaften besitzen, wie ein nat\u00fcrlich gewachsener Boden. Um im st\u00e4dtischen Raum bestehen zu k\u00f6nnen, muss ein Baumsubstrat jedoch noch weitere Eigenschaften besitzen.<\/p>\t\t\t\t\t\t\t\t<\/div>\n\t\t\t\t<\/div>\n\t\t\t\t\t<\/div>\n\t\t<\/div>\n\t\t\t\t\t<\/div>\n\t\t<\/section>\n\t\t\t\t<section class=\"elementor-section elementor-top-section elementor-element elementor-element-8c82807 elementor-section-full_width elementor-section-height-default elementor-section-height-default\" data-id=\"8c82807\" data-element_type=\"section\" data-e-type=\"section\">\n\t\t\t\t\t\t<div class=\"elementor-container elementor-column-gap-default\">\n\t\t\t\t\t<div class=\"elementor-column elementor-col-100 elementor-top-column elementor-element elementor-element-6b81ae6\" data-id=\"6b81ae6\" data-element_type=\"column\" data-e-type=\"column\">\n\t\t\t<div class=\"elementor-widget-wrap elementor-element-populated\">\n\t\t\t\t\t\t<section class=\"elementor-section elementor-inner-section elementor-element elementor-element-b840df4 elementor-section-full_width elementor-section-height-default elementor-section-height-default\" data-id=\"b840df4\" data-element_type=\"section\" data-e-type=\"section\">\n\t\t\t\t\t\t<div class=\"elementor-container elementor-column-gap-default\">\n\t\t\t\t\t<div class=\"elementor-column elementor-col-50 elementor-inner-column elementor-element elementor-element-7d65900\" data-id=\"7d65900\" data-element_type=\"column\" data-e-type=\"column\">\n\t\t\t<div class=\"elementor-widget-wrap elementor-element-populated\">\n\t\t\t\t\t\t<div class=\"elementor-element elementor-element-8bbfec1 elementor-widget elementor-widget-text-editor\" data-id=\"8bbfec1\" data-element_type=\"widget\" data-e-type=\"widget\" data-widget_type=\"text-editor.default\">\n\t\t\t\t<div class=\"elementor-widget-container\">\n\t\t\t\t\t\t\t\t\t<p>Diese sind beispielsweise:<\/p><ul><li>Strukturstabilit\u00e4t<\/li><li>Verdichtbarkeit<\/li><li>Ausgewogener Schl\u00e4mmkornanteil<\/li><li>Grosser Anteil an luftf\u00fchrender Grobporen<\/li><li>Hohe Wasserdurchl\u00e4ssigkeit<\/li><li>Hohes Wasserspeichervolumen<\/li><li>Geringe organische Substanz<\/li><\/ul><p>\u00a0<\/p><p>Damit ein Substrat all diese f\u00fcr den Baum wichtigen Funktionen erf\u00fcllen kann UND den zum Beispiel strassenbaulichen Anforderungen entspricht, wird viel geforscht und ausprobiert.<\/p><p>So besteht ein Baumsubstrat aus verschiedenen Komponenten, welche alle unterschiedliche physikalische Eigenschaften mitbringen.<\/p><p>Bestandteile eines st\u00e4dtischen Baumsubstrates sind beispielsweise<\/p><ul><li>Tonschiefer<\/li><li>Bl\u00e4hschiefer<\/li><li>Lava<\/li><li>Pflanzenkohle<\/li><li>Kies<\/li><li>Sand<\/li><li>Granitschotter<\/li><li>Kompost<\/li><li>Ziegelsplitt<\/li><\/ul>\t\t\t\t\t\t\t\t<\/div>\n\t\t\t\t<\/div>\n\t\t\t\t\t<\/div>\n\t\t<\/div>\n\t\t\t\t<div class=\"elementor-column elementor-col-50 elementor-inner-column elementor-element elementor-element-577e4d5\" data-id=\"577e4d5\" data-element_type=\"column\" data-e-type=\"column\">\n\t\t\t<div class=\"elementor-widget-wrap elementor-element-populated\">\n\t\t\t\t\t\t<div class=\"elementor-element elementor-element-d8700dc elementor-widget__width-inherit elementor-widget elementor-widget-image\" data-id=\"d8700dc\" data-element_type=\"widget\" data-e-type=\"widget\" data-widget_type=\"image.default\">\n\t\t\t\t<div class=\"elementor-widget-container\">\n\t\t\t\t\t\t\t\t\t\t\t\t<figure class=\"wp-caption\">\n\t\t\t\t\t\t\t\t\t\t\t<a href=\"https:\/\/www.urbantree.ch\/wp-content\/uploads\/2023\/02\/urbantree_substrateinbau.png\" data-elementor-open-lightbox=\"yes\" data-elementor-lightbox-title=\"urbantree_substrateinbau\" data-e-action-hash=\"#elementor-action%3Aaction%3Dlightbox%26settings%3DeyJpZCI6MTY0MSwidXJsIjoiaHR0cHM6XC9cL3d3dy51cmJhbnRyZWUuY2hcL3dwLWNvbnRlbnRcL3VwbG9hZHNcLzIwMjNcLzAyXC91cmJhbnRyZWVfc3Vic3RyYXRlaW5iYXUucG5nIn0%3D\">\n\t\t\t\t\t\t\t<img decoding=\"async\" width=\"800\" height=\"600\" src=\"https:\/\/www.urbantree.ch\/wp-content\/uploads\/2023\/02\/urbantree_substrateinbau.png\" class=\"attachment-large size-large wp-image-1641\" alt=\"\" srcset=\"https:\/\/www.urbantree.ch\/wp-content\/uploads\/2023\/02\/urbantree_substrateinbau.png 800w, https:\/\/www.urbantree.ch\/wp-content\/uploads\/2023\/02\/urbantree_substrateinbau-300x225.png 300w, https:\/\/www.urbantree.ch\/wp-content\/uploads\/2023\/02\/urbantree_substrateinbau-768x576.png 768w\" sizes=\"(max-width: 800px) 100vw, 800px\" \/>\t\t\t\t\t\t\t\t<\/a>\n\t\t\t\t\t\t\t\t\t\t\t<figcaption class=\"widget-image-caption wp-caption-text\">Substrateinbau (Bild: Andrea Gion Saluz, GSZ)<\/figcaption>\n\t\t\t\t\t\t\t\t\t\t<\/figure>\n\t\t\t\t\t\t\t\t\t<\/div>\n\t\t\t\t<\/div>\n\t\t\t\t\t<\/div>\n\t\t<\/div>\n\t\t\t\t\t<\/div>\n\t\t<\/section>\n\t\t\t\t\t<\/div>\n\t\t<\/div>\n\t\t\t\t\t<\/div>\n\t\t<\/section>\n\t\t\t\t<section class=\"elementor-section elementor-top-section elementor-element elementor-element-218f8bf elementor-section-full_width elementor-section-height-default elementor-section-height-default\" data-id=\"218f8bf\" data-element_type=\"section\" data-e-type=\"section\">\n\t\t\t\t\t\t<div class=\"elementor-container elementor-column-gap-default\">\n\t\t\t\t\t<div class=\"elementor-column elementor-col-100 elementor-top-column elementor-element elementor-element-93841b2\" data-id=\"93841b2\" data-element_type=\"column\" data-e-type=\"column\">\n\t\t\t<div class=\"elementor-widget-wrap elementor-element-populated\">\n\t\t\t\t\t\t<div class=\"elementor-element elementor-element-4f97991 elementor-widget elementor-widget-text-editor\" data-id=\"4f97991\" data-element_type=\"widget\" data-e-type=\"widget\" data-widget_type=\"text-editor.default\">\n\t\t\t\t<div class=\"elementor-widget-container\">\n\t\t\t\t\t\t\t\t\t<p>Etabliert in Schweizer St\u00e4dten haben sich zum Beispiel das &#8222;<a href=\"https:\/\/www.stadtgaertnerei.bs.ch\/ueber-uns\/produkte-und-dienstleistungen\/baumsubstrat.html\" target=\"_blank\" rel=\"noopener\">Basler Baumsubstrat<\/a>&#8222;, welches bis vor kurzem auch von der Stadt Z\u00fcrich eingesetzt wurde. Z\u00fcrich ist im Moment im Wechsel vom Basler Substrat auf das von der ZHAW entwickelte &#8222;<a href=\"https:\/\/essentials.urbantree.ch\/wp-content\/uploads\/2022\/11\/Merkblatt_Baumgruben_2.0.pdf\" target=\"_blank\" rel=\"noopener\">Z\u00fcrcher Baumsubstrat 2.0<\/a>&#8222;.<\/p><p>Weiterf\u00fchrende Informationen k\u00f6nnen direkt bei den Forschungsstellen der ZHAW bezogen werden.<\/p><p>Es gibt selbstverst\u00e4ndlich auch Firmen wie die <a href=\"https:\/\/www.gerber-ag.ch\/dachbegruenung\/baumsubstrat\" target=\"_blank\" rel=\"noopener\">Ernst Gerber AG<\/a>, welche sich auf die Herstellung von Baumsubstraten spezialisiert haben.<\/p>\t\t\t\t\t\t\t\t<\/div>\n\t\t\t\t<\/div>\n\t\t\t\t\t<\/div>\n\t\t<\/div>\n\t\t\t\t\t<\/div>\n\t\t<\/section>\n\t\t\t\t<\/div>\n\t\t","protected":false},"excerpt":{"rendered":"<p>Boden oder Substrat? Grunds\u00e4tzlich wird zwischen Boden und Substrat unterschieden. Wobei man unter Boden den gewachsenen, nat\u00fcrlichen oder naturnahen Untergrund meint. Das Substrat ist ein technisches, von Mensch eingebrachtes Material. Beide m\u00fcssen verschiedene Funktionen aufweisen, damit ein Baum darin gedeihen und langfristig bestehen kann. So sind sie zum Beispiel verantwortlich f\u00fcr die Sauerstoffversorgung die Wasserversorgung [&hellip;]<\/p>\n","protected":false},"author":1,"featured_media":0,"parent":0,"menu_order":0,"comment_status":"closed","ping_status":"closed","template":"","meta":{"footnotes":""},"class_list":["post-1016","page","type-page","status-publish","hentry"],"aioseo_notices":[],"_links":{"self":[{"href":"https:\/\/www.urbantree.ch\/index.php\/wp-json\/wp\/v2\/pages\/1016","targetHints":{"allow":["GET"]}}],"collection":[{"href":"https:\/\/www.urbantree.ch\/index.php\/wp-json\/wp\/v2\/pages"}],"about":[{"href":"https:\/\/www.urbantree.ch\/index.php\/wp-json\/wp\/v2\/types\/page"}],"author":[{"embeddable":true,"href":"https:\/\/www.urbantree.ch\/index.php\/wp-json\/wp\/v2\/users\/1"}],"replies":[{"embeddable":true,"href":"https:\/\/www.urbantree.ch\/index.php\/wp-json\/wp\/v2\/comments?post=1016"}],"version-history":[{"count":232,"href":"https:\/\/www.urbantree.ch\/index.php\/wp-json\/wp\/v2\/pages\/1016\/revisions"}],"predecessor-version":[{"id":2361,"href":"https:\/\/www.urbantree.ch\/index.php\/wp-json\/wp\/v2\/pages\/1016\/revisions\/2361"}],"wp:attachment":[{"href":"https:\/\/www.urbantree.ch\/index.php\/wp-json\/wp\/v2\/media?parent=1016"}],"curies":[{"name":"wp","href":"https:\/\/api.w.org\/{rel}","templated":true}]}}