{"id":1037,"date":"2023-01-24T10:04:20","date_gmt":"2023-01-24T10:04:20","guid":{"rendered":"https:\/\/www.urbantree.ch\/?page_id=1037"},"modified":"2023-02-22T07:54:25","modified_gmt":"2023-02-22T07:54:25","slug":"wurzeln","status":"publish","type":"page","link":"https:\/\/www.urbantree.ch\/index.php\/wurzeln\/","title":{"rendered":"Wurzeln"},"content":{"rendered":"\t\t<div data-elementor-type=\"wp-page\" data-elementor-id=\"1037\" class=\"elementor elementor-1037\">\n\t\t\t\t\t\t<section class=\"elementor-section elementor-top-section elementor-element elementor-element-8d0d5b5 elementor-section-full_width elementor-section-height-default elementor-section-height-default\" data-id=\"8d0d5b5\" data-element_type=\"section\" data-e-type=\"section\">\n\t\t\t\t\t\t<div class=\"elementor-container elementor-column-gap-default\">\n\t\t\t\t\t<div class=\"elementor-column elementor-col-100 elementor-top-column elementor-element elementor-element-2a568b7\" data-id=\"2a568b7\" data-element_type=\"column\" data-e-type=\"column\">\n\t\t\t<div class=\"elementor-widget-wrap elementor-element-populated\">\n\t\t\t\t\t\t<div class=\"elementor-element elementor-element-4903baf elementor-widget elementor-widget-heading\" data-id=\"4903baf\" data-element_type=\"widget\" data-e-type=\"widget\" data-widget_type=\"heading.default\">\n\t\t\t\t<div class=\"elementor-widget-container\">\n\t\t\t\t\t<h1 class=\"elementor-heading-title elementor-size-default\">Wurzeln im urbanen Raum<\/h1>\t\t\t\t<\/div>\n\t\t\t\t<\/div>\n\t\t\t\t\t<\/div>\n\t\t<\/div>\n\t\t\t\t\t<\/div>\n\t\t<\/section>\n\t\t\t\t<section class=\"elementor-section elementor-top-section elementor-element elementor-element-09ef052 elementor-section-full_width elementor-section-height-default elementor-section-height-default\" data-id=\"09ef052\" data-element_type=\"section\" data-e-type=\"section\">\n\t\t\t\t\t\t<div class=\"elementor-container elementor-column-gap-default\">\n\t\t\t\t\t<div class=\"elementor-column elementor-col-100 elementor-top-column elementor-element elementor-element-747b2af\" data-id=\"747b2af\" data-element_type=\"column\" data-e-type=\"column\">\n\t\t\t<div class=\"elementor-widget-wrap elementor-element-populated\">\n\t\t\t\t\t\t<div class=\"elementor-element elementor-element-ba90317 elementor-widget elementor-widget-text-editor\" data-id=\"ba90317\" data-element_type=\"widget\" data-e-type=\"widget\" data-widget_type=\"text-editor.default\">\n\t\t\t\t<div class=\"elementor-widget-container\">\n\t\t\t\t\t\t\t\t\t<p>B\u00e4ume in den St\u00e4dten sind oft extremen Standorten ausgesetzt. Dies gilt nicht nur f\u00fcr die oberirdischen, sichtbaren Baumorgane wie Stamm und Krone, sondern auch f\u00fcr die Unterirdischen. So haben die Wurzeln oft mit Platzmangel zu k\u00e4mpfen, ebenso mit Wasser- und N\u00e4hrstoffmangel.<\/p><p>Es herrscht ein grosser Nutzungsdruck im Boden. So m\u00fcssen sich die Wurzeln den unterirdischen Raum mit Strom-, Wasser-, Gas-, Telefon-, Daten-\u00a0 und Abwasserleitungen teilen.<\/p>\t\t\t\t\t\t\t\t<\/div>\n\t\t\t\t<\/div>\n\t\t\t\t\t<\/div>\n\t\t<\/div>\n\t\t\t\t\t<\/div>\n\t\t<\/section>\n\t\t\t\t<section class=\"elementor-section elementor-top-section elementor-element elementor-element-d54ec7a elementor-section-full_width elementor-section-height-default elementor-section-height-default\" data-id=\"d54ec7a\" data-element_type=\"section\" data-e-type=\"section\">\n\t\t\t\t\t\t<div class=\"elementor-container elementor-column-gap-default\">\n\t\t\t\t\t<div class=\"elementor-column elementor-col-100 elementor-top-column elementor-element elementor-element-0015649\" data-id=\"0015649\" data-element_type=\"column\" data-e-type=\"column\">\n\t\t\t<div class=\"elementor-widget-wrap elementor-element-populated\">\n\t\t\t\t\t\t<div class=\"elementor-element elementor-element-56e482e elementor-widget elementor-widget-heading\" data-id=\"56e482e\" data-element_type=\"widget\" data-e-type=\"widget\" data-widget_type=\"heading.default\">\n\t\t\t\t<div class=\"elementor-widget-container\">\n\t\t\t\t\t<h2 class=\"elementor-heading-title elementor-size-default\">Wurzeltiefe<\/h2>\t\t\t\t<\/div>\n\t\t\t\t<\/div>\n\t\t\t\t\t<\/div>\n\t\t<\/div>\n\t\t\t\t\t<\/div>\n\t\t<\/section>\n\t\t\t\t<section class=\"elementor-section elementor-top-section elementor-element elementor-element-4bcf53a elementor-section-full_width elementor-section-height-default elementor-section-height-default\" data-id=\"4bcf53a\" data-element_type=\"section\" data-e-type=\"section\">\n\t\t\t\t\t\t<div class=\"elementor-container elementor-column-gap-default\">\n\t\t\t\t\t<div class=\"elementor-column elementor-col-100 elementor-top-column elementor-element elementor-element-4911bfc\" data-id=\"4911bfc\" data-element_type=\"column\" data-e-type=\"column\">\n\t\t\t<div class=\"elementor-widget-wrap elementor-element-populated\">\n\t\t\t\t\t\t<div class=\"elementor-element elementor-element-16ffcd9 elementor-widget elementor-widget-text-editor\" data-id=\"16ffcd9\" data-element_type=\"widget\" data-e-type=\"widget\" data-widget_type=\"text-editor.default\">\n\t\t\t\t<div class=\"elementor-widget-container\">\n\t\t\t\t\t\t\t\t\t<p>Die meisten Wurzeln findet man in einer Tiefe von 0 &#8211; 60 Zentimetern. Vor allem die f\u00fcr die Wasser-, Sauerstoff- und N\u00e4hrstoffaufnahme wichtigen Feinwurzeln sind eher an der Oberfl\u00e4che angesiedelt.<\/p><p>Die f\u00fcr die Verankerung verantwortlichen Starkwurzeln gehen, je nach Baumart und nach Beschaffenheit des Untergrundes, auch tiefer.<\/p><p>Grunds\u00e4tzlich gilt: Der Baum wurzelt dorthin wo er kann und wo er Wasser, N\u00e4hrstoffe, Sauerstoff und Halt findet.<\/p>\t\t\t\t\t\t\t\t<\/div>\n\t\t\t\t<\/div>\n\t\t\t\t\t<\/div>\n\t\t<\/div>\n\t\t\t\t\t<\/div>\n\t\t<\/section>\n\t\t\t\t<section class=\"elementor-section elementor-top-section elementor-element elementor-element-c982d23 elementor-section-full_width elementor-section-height-default elementor-section-height-default\" data-id=\"c982d23\" data-element_type=\"section\" data-e-type=\"section\">\n\t\t\t\t\t\t<div class=\"elementor-container elementor-column-gap-default\">\n\t\t\t\t\t<div class=\"elementor-column elementor-col-100 elementor-top-column elementor-element elementor-element-81f7158\" data-id=\"81f7158\" data-element_type=\"column\" data-e-type=\"column\">\n\t\t\t<div class=\"elementor-widget-wrap elementor-element-populated\">\n\t\t\t\t\t\t<div class=\"elementor-element elementor-element-903fe4d elementor-widget elementor-widget-heading\" data-id=\"903fe4d\" data-element_type=\"widget\" data-e-type=\"widget\" data-widget_type=\"heading.default\">\n\t\t\t\t<div class=\"elementor-widget-container\">\n\t\t\t\t\t<h2 class=\"elementor-heading-title elementor-size-default\">Sch\u00e4den an Bauwerken<\/h2>\t\t\t\t<\/div>\n\t\t\t\t<\/div>\n\t\t\t\t\t<\/div>\n\t\t<\/div>\n\t\t\t\t\t<\/div>\n\t\t<\/section>\n\t\t\t\t<section class=\"elementor-section elementor-top-section elementor-element elementor-element-9dc1395 elementor-section-full_width elementor-section-height-default elementor-section-height-default\" data-id=\"9dc1395\" data-element_type=\"section\" data-e-type=\"section\">\n\t\t\t\t\t\t<div class=\"elementor-container elementor-column-gap-default\">\n\t\t\t\t\t<div class=\"elementor-column elementor-col-100 elementor-top-column elementor-element elementor-element-2a136e2\" data-id=\"2a136e2\" data-element_type=\"column\" data-e-type=\"column\">\n\t\t\t<div class=\"elementor-widget-wrap elementor-element-populated\">\n\t\t\t\t\t\t<div class=\"elementor-element elementor-element-0626d85 elementor-widget elementor-widget-text-editor\" data-id=\"0626d85\" data-element_type=\"widget\" data-e-type=\"widget\" data-widget_type=\"text-editor.default\">\n\t\t\t\t<div class=\"elementor-widget-container\">\n\t\t\t\t\t\t\t\t\t<p>Werden Sch\u00e4den an Bauwerken wie zum Beispiel Strassen, Gehwegen oder Leitungen verursacht, so kann dies verschiedene Gr\u00fcnde haben. Zum einen kann ein zu knappes Platzangebot oder ein vern\u00e4sster oder stark verdichteter Boden zu solchen Sch\u00e4den f\u00fchren. Die Wurzeln haben dann schlicht zu wenig Raum zur Verf\u00fcgung und weichen an die Oberfl\u00e4che aus. Zuwenig verf\u00fcgbarer Sauerstoff im Boden kann auch f\u00fcr ein Anheben der Wurzeln verantwortlich sein.\u00a0 Durch ausreichend dimensionierte Baumgruben k\u00f6nnen Sch\u00e4den an Bel\u00e4gen oft verhindert werden.<\/p><p>Belagsch\u00e4den k\u00f6nnen oft auch durch eine gezielte Auswahl der Baumarten verhindert werden. So sind verschiedene Flachwurzler wie Fichten oder Pappeln ber\u00fcchtigt f\u00fcr Sch\u00e4den an Bel\u00e4gen. Dies durch das sekund\u00e4re Dickenwachstum der Wurzeln: Die nahe an der Oberfl\u00e4che verlaufenden Wurzeln werden mit den Jahren immer dicker und treten h\u00f6her an die Oberfl\u00e4che. Die Folge sind dann ein langsames und stetiges Anheben der Bel\u00e4ge.<\/p>\t\t\t\t\t\t\t\t<\/div>\n\t\t\t\t<\/div>\n\t\t\t\t\t<\/div>\n\t\t<\/div>\n\t\t\t\t\t<\/div>\n\t\t<\/section>\n\t\t\t\t<section class=\"elementor-section elementor-top-section elementor-element elementor-element-37528f5 elementor-section-full_width elementor-section-height-default elementor-section-height-default\" data-id=\"37528f5\" data-element_type=\"section\" data-e-type=\"section\">\n\t\t\t\t\t\t<div class=\"elementor-container elementor-column-gap-default\">\n\t\t\t\t\t<div class=\"elementor-column elementor-col-100 elementor-top-column elementor-element elementor-element-cbbac2b\" data-id=\"cbbac2b\" data-element_type=\"column\" data-e-type=\"column\">\n\t\t\t<div class=\"elementor-widget-wrap elementor-element-populated\">\n\t\t\t\t\t\t<section class=\"elementor-section elementor-inner-section elementor-element elementor-element-7293f19 elementor-section-full_width elementor-section-height-default elementor-section-height-default\" data-id=\"7293f19\" data-element_type=\"section\" data-e-type=\"section\">\n\t\t\t\t\t\t<div class=\"elementor-container elementor-column-gap-default\">\n\t\t\t\t\t<div class=\"elementor-column elementor-col-50 elementor-inner-column elementor-element elementor-element-9b415fa\" data-id=\"9b415fa\" data-element_type=\"column\" data-e-type=\"column\">\n\t\t\t<div class=\"elementor-widget-wrap elementor-element-populated\">\n\t\t\t\t\t\t<div class=\"elementor-element elementor-element-edf94c0 elementor-widget elementor-widget-image\" data-id=\"edf94c0\" data-element_type=\"widget\" data-e-type=\"widget\" data-widget_type=\"image.default\">\n\t\t\t\t<div class=\"elementor-widget-container\">\n\t\t\t\t\t\t\t\t\t\t\t\t<figure class=\"wp-caption\">\n\t\t\t\t\t\t\t\t\t\t\t<a href=\"https:\/\/www.urbantree.ch\/wp-content\/uploads\/2023\/01\/urbantree_wurzelnnatur.png\" data-elementor-open-lightbox=\"yes\" data-e-action-hash=\"#elementor-action%3Aaction%3Dlightbox%26settings%3DeyJpZCI6NzE4LCJ1cmwiOmZhbHNlfQ%3D%3D\">\n\t\t\t\t\t\t\t<img decoding=\"async\" src=\"https:\/\/www.urbantree.ch\/wp-content\/uploads\/2023\/01\/urbantree_wurzelnnatur.png\" title=\"\" alt=\"\" loading=\"lazy\" \/>\t\t\t\t\t\t\t\t<\/a>\n\t\t\t\t\t\t\t\t\t\t\t<figcaption class=\"widget-image-caption wp-caption-text\">Fichte in der Natur (Quelle: urbantree.ch)<\/figcaption>\n\t\t\t\t\t\t\t\t\t\t<\/figure>\n\t\t\t\t\t\t\t\t\t<\/div>\n\t\t\t\t<\/div>\n\t\t\t\t\t<\/div>\n\t\t<\/div>\n\t\t\t\t<div class=\"elementor-column elementor-col-50 elementor-inner-column elementor-element elementor-element-684e621\" data-id=\"684e621\" data-element_type=\"column\" data-e-type=\"column\">\n\t\t\t<div class=\"elementor-widget-wrap elementor-element-populated\">\n\t\t\t\t\t\t<div class=\"elementor-element elementor-element-77d2e37 elementor-widget elementor-widget-image\" data-id=\"77d2e37\" data-element_type=\"widget\" data-e-type=\"widget\" data-widget_type=\"image.default\">\n\t\t\t\t<div class=\"elementor-widget-container\">\n\t\t\t\t\t\t\t\t\t\t\t\t<figure class=\"wp-caption\">\n\t\t\t\t\t\t\t\t\t\t\t<a href=\"https:\/\/www.urbantree.ch\/wp-content\/uploads\/2023\/01\/urbantree_belagschaeden.png\" data-elementor-open-lightbox=\"yes\" data-e-action-hash=\"#elementor-action%3Aaction%3Dlightbox%26settings%3DeyJpZCI6NzIyLCJ1cmwiOmZhbHNlfQ%3D%3D\">\n\t\t\t\t\t\t\t<img decoding=\"async\" src=\"https:\/\/www.urbantree.ch\/wp-content\/uploads\/2023\/01\/urbantree_belagschaeden.png\" title=\"\" alt=\"\" loading=\"lazy\" \/>\t\t\t\t\t\t\t\t<\/a>\n\t\t\t\t\t\t\t\t\t\t\t<figcaption class=\"widget-image-caption wp-caption-text\">Belagsch\u00e4den wegen Wurzeln (Quelle: hortima.ch)<\/figcaption>\n\t\t\t\t\t\t\t\t\t\t<\/figure>\n\t\t\t\t\t\t\t\t\t<\/div>\n\t\t\t\t<\/div>\n\t\t\t\t\t<\/div>\n\t\t<\/div>\n\t\t\t\t\t<\/div>\n\t\t<\/section>\n\t\t\t\t\t<\/div>\n\t\t<\/div>\n\t\t\t\t\t<\/div>\n\t\t<\/section>\n\t\t\t\t<section class=\"elementor-section elementor-top-section elementor-element elementor-element-b8b57be elementor-section-full_width elementor-section-height-default elementor-section-height-default\" data-id=\"b8b57be\" data-element_type=\"section\" data-e-type=\"section\">\n\t\t\t\t\t\t<div class=\"elementor-container elementor-column-gap-default\">\n\t\t\t\t\t<div class=\"elementor-column elementor-col-100 elementor-top-column elementor-element elementor-element-1ac769a\" data-id=\"1ac769a\" data-element_type=\"column\" data-e-type=\"column\">\n\t\t\t<div class=\"elementor-widget-wrap elementor-element-populated\">\n\t\t\t\t\t\t<div class=\"elementor-element elementor-element-32e8318 elementor-widget elementor-widget-text-editor\" data-id=\"32e8318\" data-element_type=\"widget\" data-e-type=\"widget\" data-widget_type=\"text-editor.default\">\n\t\t\t\t<div class=\"elementor-widget-container\">\n\t\t\t\t\t\t\t\t\t<p>Sch\u00e4den an Wasserleitungen sind eher selten. Sie treten vor allem dann auf, wenn Leitungen bereits Leckstellen haben und diese das von den B\u00e4umen ben\u00f6tigte Wasser bereitstellen. Oft wachsen Wurzeln entlang von Wasserleitungen. Dies, weil Wasserleitungen oft in Sand eingebettet sind, welcher sehr leicht durchwurzelt werden kann und zur Erschliessung von neuen R\u00e4umen genutzt wird. Durch das kalte Wasser welches durch die Leitungen fliesst, kann sich Kondenswasser auf der Aussenseite der Leitungen bilden.<br>Die Wurzeln sind dankbar f\u00fcr dieses Wasserangebot.<\/p>\t\t\t\t\t\t\t\t<\/div>\n\t\t\t\t<\/div>\n\t\t\t\t\t<\/div>\n\t\t<\/div>\n\t\t\t\t\t<\/div>\n\t\t<\/section>\n\t\t\t\t<\/div>\n\t\t","protected":false},"excerpt":{"rendered":"<p>Wurzeln im urbanen Raum B\u00e4ume in den St\u00e4dten sind oft extremen Standorten ausgesetzt. Dies gilt nicht nur f\u00fcr die oberirdischen, sichtbaren Baumorgane wie Stamm und Krone, sondern auch f\u00fcr die Unterirdischen. So haben die Wurzeln oft mit Platzmangel zu k\u00e4mpfen, ebenso mit Wasser- und N\u00e4hrstoffmangel. Es herrscht ein grosser Nutzungsdruck im Boden. So m\u00fcssen sich [&hellip;]<\/p>\n","protected":false},"author":1,"featured_media":0,"parent":0,"menu_order":0,"comment_status":"closed","ping_status":"closed","template":"","meta":{"footnotes":""},"class_list":["post-1037","page","type-page","status-publish","hentry"],"aioseo_notices":[],"_links":{"self":[{"href":"https:\/\/www.urbantree.ch\/index.php\/wp-json\/wp\/v2\/pages\/1037","targetHints":{"allow":["GET"]}}],"collection":[{"href":"https:\/\/www.urbantree.ch\/index.php\/wp-json\/wp\/v2\/pages"}],"about":[{"href":"https:\/\/www.urbantree.ch\/index.php\/wp-json\/wp\/v2\/types\/page"}],"author":[{"embeddable":true,"href":"https:\/\/www.urbantree.ch\/index.php\/wp-json\/wp\/v2\/users\/1"}],"replies":[{"embeddable":true,"href":"https:\/\/www.urbantree.ch\/index.php\/wp-json\/wp\/v2\/comments?post=1037"}],"version-history":[{"count":76,"href":"https:\/\/www.urbantree.ch\/index.php\/wp-json\/wp\/v2\/pages\/1037\/revisions"}],"predecessor-version":[{"id":2265,"href":"https:\/\/www.urbantree.ch\/index.php\/wp-json\/wp\/v2\/pages\/1037\/revisions\/2265"}],"wp:attachment":[{"href":"https:\/\/www.urbantree.ch\/index.php\/wp-json\/wp\/v2\/media?parent=1037"}],"curies":[{"name":"wp","href":"https:\/\/api.w.org\/{rel}","templated":true}]}}