{"id":104,"date":"2022-11-26T10:51:43","date_gmt":"2022-11-26T10:51:43","guid":{"rendered":"https:\/\/www.urbantree.ch\/?page_id=104"},"modified":"2023-02-23T09:27:19","modified_gmt":"2023-02-23T09:27:19","slug":"private-baeume","status":"publish","type":"page","link":"https:\/\/www.urbantree.ch\/index.php\/private-baeume\/","title":{"rendered":"Private B\u00e4ume"},"content":{"rendered":"\t\t<div data-elementor-type=\"wp-page\" data-elementor-id=\"104\" class=\"elementor elementor-104\">\n\t\t\t\t\t\t<section class=\"elementor-section elementor-top-section elementor-element elementor-element-a4feee4 elementor-section-full_width elementor-section-height-default elementor-section-height-default\" data-id=\"a4feee4\" data-element_type=\"section\" data-e-type=\"section\">\n\t\t\t\t\t\t<div class=\"elementor-container elementor-column-gap-default\">\n\t\t\t\t\t<div class=\"elementor-column elementor-col-100 elementor-top-column elementor-element elementor-element-11dccfa\" data-id=\"11dccfa\" data-element_type=\"column\" data-e-type=\"column\">\n\t\t\t<div class=\"elementor-widget-wrap elementor-element-populated\">\n\t\t\t\t\t\t<div class=\"elementor-element elementor-element-f465b5e elementor-widget__width-inherit elementor-widget elementor-widget-heading\" data-id=\"f465b5e\" data-element_type=\"widget\" data-e-type=\"widget\" data-widget_type=\"heading.default\">\n\t\t\t\t<div class=\"elementor-widget-container\">\n\t\t\t\t\t<h1 class=\"elementor-heading-title elementor-size-default\">Weshalb private B\u00e4ume wichtig sind<\/h1>\t\t\t\t<\/div>\n\t\t\t\t<\/div>\n\t\t\t\t\t<\/div>\n\t\t<\/div>\n\t\t\t\t\t<\/div>\n\t\t<\/section>\n\t\t\t\t<section class=\"elementor-section elementor-top-section elementor-element elementor-element-e7ac4ea elementor-section-full_width elementor-section-height-default elementor-section-height-default\" data-id=\"e7ac4ea\" data-element_type=\"section\" data-e-type=\"section\">\n\t\t\t\t\t\t<div class=\"elementor-container elementor-column-gap-default\">\n\t\t\t\t\t<div class=\"elementor-column elementor-col-100 elementor-top-column elementor-element elementor-element-1404533\" data-id=\"1404533\" data-element_type=\"column\" data-e-type=\"column\">\n\t\t\t<div class=\"elementor-widget-wrap elementor-element-populated\">\n\t\t\t\t\t\t<div class=\"elementor-element elementor-element-ed7f7e3 elementor-widget elementor-widget-text-editor\" data-id=\"ed7f7e3\" data-element_type=\"widget\" data-e-type=\"widget\" data-widget_type=\"text-editor.default\">\n\t\t\t\t<div class=\"elementor-widget-container\">\n\t\t\t\t\t\t\t\t\t<p>Auf viele potentielle Baumstandorte im \u00f6ffentlichen Raum k\u00f6nnen Privatpersonen keinen Einfluss nehmen. Auf der Abbildung \u00abVerteilung der Kronenfl\u00e4chen\u00bb wird jedoch deutlich, dass gut 50% der Stadtb\u00e4ume mehrheitlich auf privaten Grundst\u00fccken stehen. Zu argumentieren, dies w\u00e4re bereits genug, ist tr\u00fcgerisch. In diesen Gebieten betr\u00e4gt der Kronendeckungsgrad immer noch nur zwischen 15% und 20%.<\/p><p>In diesem Fall gilt es, die <span dir=\"ltr\" role=\"presentation\">Durchgr\u00fc<\/span><span dir=\"ltr\" role=\"presentation\">nung in unterdurchschnittlichen\u00a0 Gebieten zu erh\u00f6hen.<\/span><\/p><p>Weiterf\u00fchrende Literatur: <a href=\"https:\/\/www.stadt-zuerich.ch\/content\/dam\/stzh\/ted\/Deutsch\/gsz_2\/publikationen\/natur-erleben\/stadtbaeume\/baeume-in-der-stadt-zuerich\/fp-stadtbaeume\/Beilage1_FP_Stadtb%C3%A4ume_Bericht_400dpi_211104_compressed.pdf\" target=\"_blank\" rel=\"noopener\">Fachplanung Stadtb\u00e4ume (PDF, 61 Seiten, 45 MB)<\/a><\/p>\t\t\t\t\t\t\t\t<\/div>\n\t\t\t\t<\/div>\n\t\t\t\t<div class=\"elementor-element elementor-element-5d02c20 elementor-widget elementor-widget-image\" data-id=\"5d02c20\" data-element_type=\"widget\" data-e-type=\"widget\" data-widget_type=\"image.default\">\n\t\t\t\t<div class=\"elementor-widget-container\">\n\t\t\t\t\t\t\t\t\t\t\t\t<figure class=\"wp-caption\">\n\t\t\t\t\t\t\t\t\t\t\t<a href=\"https:\/\/www.urbantree.ch\/wp-content\/uploads\/2022\/12\/VerteilungKronenflaechen.png\" data-elementor-open-lightbox=\"yes\" data-elementor-lightbox-title=\"VerteilungKronenfl\u00e4chen\" data-e-action-hash=\"#elementor-action%3Aaction%3Dlightbox%26settings%3DeyJpZCI6NTMwLCJ1cmwiOiJodHRwczpcL1wvd3d3LnVyYmFudHJlZS5jaFwvd3AtY29udGVudFwvdXBsb2Fkc1wvMjAyMlwvMTJcL1ZlcnRlaWx1bmdLcm9uZW5mbGFlY2hlbi5wbmcifQ%3D%3D\">\n\t\t\t\t\t\t\t<img fetchpriority=\"high\" decoding=\"async\" width=\"800\" height=\"389\" src=\"https:\/\/www.urbantree.ch\/wp-content\/uploads\/2022\/12\/VerteilungKronenflaechen-1024x498.png\" class=\"attachment-large size-large wp-image-530\" alt=\"\" srcset=\"https:\/\/www.urbantree.ch\/wp-content\/uploads\/2022\/12\/VerteilungKronenflaechen-1024x498.png 1024w, https:\/\/www.urbantree.ch\/wp-content\/uploads\/2022\/12\/VerteilungKronenflaechen-300x146.png 300w, https:\/\/www.urbantree.ch\/wp-content\/uploads\/2022\/12\/VerteilungKronenflaechen-768x373.png 768w, https:\/\/www.urbantree.ch\/wp-content\/uploads\/2022\/12\/VerteilungKronenflaechen.png 1337w\" sizes=\"(max-width: 800px) 100vw, 800px\" \/>\t\t\t\t\t\t\t\t<\/a>\n\t\t\t\t\t\t\t\t\t\t\t<figcaption class=\"widget-image-caption wp-caption-text\">Verteilung der Kronenfl\u00e4che (Quelle: Fachplanung Stadtb\u00e4ume, Seite 39) <\/figcaption>\n\t\t\t\t\t\t\t\t\t\t<\/figure>\n\t\t\t\t\t\t\t\t\t<\/div>\n\t\t\t\t<\/div>\n\t\t\t\t<div class=\"elementor-element elementor-element-d36dfc4 elementor-widget elementor-widget-text-editor\" data-id=\"d36dfc4\" data-element_type=\"widget\" data-e-type=\"widget\" data-widget_type=\"text-editor.default\">\n\t\t\t\t<div class=\"elementor-widget-container\">\n\t\t\t\t\t\t\t\t\t<h3><span style=\"color: #007600;\">Private k\u00f6nnen demzufolge Einfluss auf die Anzahl der B\u00e4ume in der Stadt nehmen, und somit auch auf die klimatischen Bedingungen, welche in der Stadt herrschen.<\/span><\/h3>\n<p>Artenreiche Vegetationssysteme in den unterschiedlichen Naturr\u00e4umen und auch im urbanen Gebiet sichern den Fortbestand und die biologische Vielfalt. Funktionierende \u00d6kosysteme sind von elementarer Bedeutung f\u00fcr uns Menschen und f\u00f6rdern die Lebensqualit\u00e4t, Gesundheit und unser Wohlbefinden.<\/p>\t\t\t\t\t\t\t\t<\/div>\n\t\t\t\t<\/div>\n\t\t\t\t\t<\/div>\n\t\t<\/div>\n\t\t\t\t\t<\/div>\n\t\t<\/section>\n\t\t\t\t<section class=\"elementor-section elementor-top-section elementor-element elementor-element-5907db0 elementor-section-full_width elementor-section-height-default elementor-section-height-default\" data-id=\"5907db0\" data-element_type=\"section\" data-e-type=\"section\">\n\t\t\t\t\t\t<div class=\"elementor-container elementor-column-gap-default\">\n\t\t\t\t\t<div class=\"elementor-column elementor-col-100 elementor-top-column elementor-element elementor-element-dfe7237\" data-id=\"dfe7237\" data-element_type=\"column\" data-e-type=\"column\">\n\t\t\t<div class=\"elementor-widget-wrap elementor-element-populated\">\n\t\t\t\t\t\t<div class=\"elementor-element elementor-element-6991b08 elementor-widget-divider--view-line elementor-widget elementor-widget-divider\" data-id=\"6991b08\" data-element_type=\"widget\" data-e-type=\"widget\" data-widget_type=\"divider.default\">\n\t\t\t\t<div class=\"elementor-widget-container\">\n\t\t\t\t\t\t\t<div class=\"elementor-divider\">\n\t\t\t<span class=\"elementor-divider-separator\">\n\t\t\t\t\t\t<\/span>\n\t\t<\/div>\n\t\t\t\t\t\t<\/div>\n\t\t\t\t<\/div>\n\t\t\t\t\t<\/div>\n\t\t<\/div>\n\t\t\t\t\t<\/div>\n\t\t<\/section>\n\t\t\t\t<section class=\"elementor-section elementor-top-section elementor-element elementor-element-59556ab elementor-section-full_width elementor-section-height-default elementor-section-height-default\" data-id=\"59556ab\" data-element_type=\"section\" data-e-type=\"section\">\n\t\t\t\t\t\t<div class=\"elementor-container elementor-column-gap-default\">\n\t\t\t\t\t<div class=\"elementor-column elementor-col-100 elementor-top-column elementor-element elementor-element-33a558e\" data-id=\"33a558e\" data-element_type=\"column\" data-e-type=\"column\">\n\t\t\t<div class=\"elementor-widget-wrap elementor-element-populated\">\n\t\t\t\t\t\t<div class=\"elementor-element elementor-element-409066e elementor-widget__width-inherit elementor-widget elementor-widget-heading\" data-id=\"409066e\" data-element_type=\"widget\" data-e-type=\"widget\" data-widget_type=\"heading.default\">\n\t\t\t\t<div class=\"elementor-widget-container\">\n\t\t\t\t\t<h2 class=\"elementor-heading-title elementor-size-default\">Rechtliches<\/h2>\t\t\t\t<\/div>\n\t\t\t\t<\/div>\n\t\t\t\t\t<\/div>\n\t\t<\/div>\n\t\t\t\t\t<\/div>\n\t\t<\/section>\n\t\t\t\t<section class=\"elementor-section elementor-top-section elementor-element elementor-element-98dddd9 elementor-section-full_width elementor-section-height-default elementor-section-height-default\" data-id=\"98dddd9\" data-element_type=\"section\" data-e-type=\"section\">\n\t\t\t\t\t\t<div class=\"elementor-container elementor-column-gap-default\">\n\t\t\t\t\t<div class=\"elementor-column elementor-col-100 elementor-top-column elementor-element elementor-element-4df2710\" data-id=\"4df2710\" data-element_type=\"column\" data-e-type=\"column\">\n\t\t\t<div class=\"elementor-widget-wrap elementor-element-populated\">\n\t\t\t\t\t\t<div class=\"elementor-element elementor-element-7b7b32e elementor-widget__width-inherit elementor-widget elementor-widget-heading\" data-id=\"7b7b32e\" data-element_type=\"widget\" data-e-type=\"widget\" data-widget_type=\"heading.default\">\n\t\t\t\t<div class=\"elementor-widget-container\">\n\t\t\t\t\t<h3 class=\"elementor-heading-title elementor-size-default\">Die Grenzabst\u00e4nde<\/h3>\t\t\t\t<\/div>\n\t\t\t\t<\/div>\n\t\t\t\t\t<\/div>\n\t\t<\/div>\n\t\t\t\t\t<\/div>\n\t\t<\/section>\n\t\t\t\t<section class=\"elementor-section elementor-top-section elementor-element elementor-element-ff64df7 elementor-section-full_width elementor-section-height-default elementor-section-height-default\" data-id=\"ff64df7\" data-element_type=\"section\" data-e-type=\"section\">\n\t\t\t\t\t\t<div class=\"elementor-container elementor-column-gap-default\">\n\t\t\t\t\t<div class=\"elementor-column elementor-col-100 elementor-top-column elementor-element elementor-element-c8d8461\" data-id=\"c8d8461\" data-element_type=\"column\" data-e-type=\"column\">\n\t\t\t<div class=\"elementor-widget-wrap elementor-element-populated\">\n\t\t\t\t\t\t<section class=\"elementor-section elementor-inner-section elementor-element elementor-element-88b4508 elementor-section-full_width elementor-section-content-bottom elementor-section-height-default elementor-section-height-default\" data-id=\"88b4508\" data-element_type=\"section\" data-e-type=\"section\">\n\t\t\t\t\t\t<div class=\"elementor-container elementor-column-gap-no\">\n\t\t\t\t\t<div class=\"elementor-column elementor-col-50 elementor-inner-column elementor-element elementor-element-804d402\" data-id=\"804d402\" data-element_type=\"column\" data-e-type=\"column\">\n\t\t\t<div class=\"elementor-widget-wrap elementor-element-populated\">\n\t\t\t\t\t\t<div class=\"elementor-element elementor-element-b2f861d elementor-widget elementor-widget-text-editor\" data-id=\"b2f861d\" data-element_type=\"widget\" data-e-type=\"widget\" data-widget_type=\"text-editor.default\">\n\t\t\t\t<div class=\"elementor-widget-container\">\n\t\t\t\t\t\t\t\t\t<p>Bei der Pflanzung von B\u00e4umen sind Regeln, wie zum Beispiel die Einhaltung von Grenzabst\u00e4nden, einzuhalten.<\/p><p>In der Stadt Z\u00fcrich sind die Grenzabst\u00e4nde f\u00fcr B\u00e4ume in der BZO (Bau- und Zonenordnung), im EG ZGB (Einf\u00fchrungsgesetz zum Schweizerischen Zivilgesetzbuch) und PBG (Planungs- und Baugesetz) geregelt.<\/p><p>Darin ist festgehalten, dass gegen\u00fcber Privatparzellen ein Abstand von 8 Metern f\u00fcr Wald- oder Grossb\u00e4ume und von 4 Metern f\u00fcr Feldobstb\u00e4ume einzuhalten ist.<\/p><p>Diese Regelung verhindert die Pflanzung vieler B\u00e4ume in der N\u00e4he der Parzellengrenzen und f\u00fchrt zu einer sukzessiven Abnahme der Begr\u00fcnung der Randbereiche.<\/p><p>Dass in diesen gesetzlichen Regelungen Handlungsbedarf besteht, wurde erkannt. Die gesetzlichen Rahmenbedingungen sollen auf kantonaler Ebene ge\u00e4ndert werden. Das oben erw\u00e4hnten PBG und die BZO sind zurzeit in Revision (Stand 2023), es ist gut m\u00f6glich, dass sich die gesetzlichen Grenzabst\u00e4nde schon bald zu Gunsten von B\u00e4umen \u00e4ndern werden.<\/p><p>Es lohnt sich, sich bei den kantonalen Beh\u00f6rden \u00fcber die lokalen Gegebenheiten und Gesetze zu informieren.<\/p><p>Andere Kantone sind in diesen Bereichen zum Teil schon weiter:<\/p><p>So gelten im Kanton Basel-Stadt gar keine Abstandsregelungen mehr in Wohngebieten. In Bern gelten f\u00fcr Grossb\u00e4ume nur 5 Meter und f\u00fcr Kleinb\u00e4ume 3 Meter.<\/p><p><strong>Wichtig:<\/strong> Gegen\u00fcber dem \u00f6ffentlichen Raum (Strassen, Pl\u00e4tze, Wege) gelten in der Stadt Z\u00fcrich ebenfalls keine Abstandsregelungen.<\/p><p>B\u00e4ume d\u00fcrfen lediglich keine gesetzlichen Zufahrten verhindern und d\u00fcrfen die Verkehrssicherheit nicht behindern. Ebenfalls d\u00fcrfen sie keine Strassenk\u00f6rper oder Leitungen beeintr\u00e4chtigen (BZO, Artikel 12, Abs. 2). Das erforderliche Lichtraumprofil muss eingehalten werden (2.5 Meter \u00fcber Trottoirs und Radwegen und 4.8 Meter \u00fcber Strassen).<\/p>\t\t\t\t\t\t\t\t<\/div>\n\t\t\t\t<\/div>\n\t\t\t\t\t<\/div>\n\t\t<\/div>\n\t\t\t\t<div class=\"elementor-column elementor-col-50 elementor-inner-column elementor-element elementor-element-3d21621\" data-id=\"3d21621\" data-element_type=\"column\" data-e-type=\"column\">\n\t\t\t<div class=\"elementor-widget-wrap elementor-element-populated\">\n\t\t\t\t\t\t<div class=\"elementor-element elementor-element-df55092 elementor-widget elementor-widget-image\" data-id=\"df55092\" data-element_type=\"widget\" data-e-type=\"widget\" data-widget_type=\"image.default\">\n\t\t\t\t<div class=\"elementor-widget-container\">\n\t\t\t\t\t\t\t\t\t\t\t\t<figure class=\"wp-caption\">\n\t\t\t\t\t\t\t\t\t\t\t<a href=\"https:\/\/www.urbantree.ch\/wp-content\/uploads\/2022\/12\/Pflanzabstand_Zuerich.png\" data-elementor-open-lightbox=\"yes\" data-elementor-lightbox-title=\"Pflanzabstand_Zuerich\" data-e-action-hash=\"#elementor-action%3Aaction%3Dlightbox%26settings%3DeyJpZCI6NDg1LCJ1cmwiOiJodHRwczpcL1wvd3d3LnVyYmFudHJlZS5jaFwvd3AtY29udGVudFwvdXBsb2Fkc1wvMjAyMlwvMTJcL1BmbGFuemFic3RhbmRfWnVlcmljaC5wbmcifQ%3D%3D\">\n\t\t\t\t\t\t\t<img decoding=\"async\" width=\"800\" height=\"717\" src=\"https:\/\/www.urbantree.ch\/wp-content\/uploads\/2022\/12\/Pflanzabstand_Zuerich.png\" class=\"attachment-large size-large wp-image-485\" alt=\"\" srcset=\"https:\/\/www.urbantree.ch\/wp-content\/uploads\/2022\/12\/Pflanzabstand_Zuerich.png 1015w, https:\/\/www.urbantree.ch\/wp-content\/uploads\/2022\/12\/Pflanzabstand_Zuerich-300x269.png 300w, https:\/\/www.urbantree.ch\/wp-content\/uploads\/2022\/12\/Pflanzabstand_Zuerich-768x689.png 768w\" sizes=\"(max-width: 800px) 100vw, 800px\" \/>\t\t\t\t\t\t\t\t<\/a>\n\t\t\t\t\t\t\t\t\t\t\t<figcaption class=\"widget-image-caption wp-caption-text\">Grenzabstand B\u00e4ume Stadt Z\u00fcrich<\/figcaption>\n\t\t\t\t\t\t\t\t\t\t<\/figure>\n\t\t\t\t\t\t\t\t\t<\/div>\n\t\t\t\t<\/div>\n\t\t\t\t\t<\/div>\n\t\t<\/div>\n\t\t\t\t\t<\/div>\n\t\t<\/section>\n\t\t\t\t\t<\/div>\n\t\t<\/div>\n\t\t\t\t\t<\/div>\n\t\t<\/section>\n\t\t\t\t<section class=\"elementor-section elementor-top-section elementor-element elementor-element-c4a2cda elementor-section-full_width elementor-section-height-default elementor-section-height-default\" data-id=\"c4a2cda\" data-element_type=\"section\" data-e-type=\"section\">\n\t\t\t\t\t\t<div class=\"elementor-container elementor-column-gap-default\">\n\t\t\t\t\t<div class=\"elementor-column elementor-col-100 elementor-top-column elementor-element elementor-element-c95b4f5\" data-id=\"c95b4f5\" data-element_type=\"column\" data-e-type=\"column\">\n\t\t\t<div class=\"elementor-widget-wrap elementor-element-populated\">\n\t\t\t\t\t\t<div class=\"elementor-element elementor-element-b1fdceb elementor-widget__width-inherit elementor-widget elementor-widget-heading\" data-id=\"b1fdceb\" data-element_type=\"widget\" data-e-type=\"widget\" data-widget_type=\"heading.default\">\n\t\t\t\t<div class=\"elementor-widget-container\">\n\t\t\t\t\t<h3 class=\"elementor-heading-title elementor-size-default\">Das N\u00e4herpflanzrecht<\/h3>\t\t\t\t<\/div>\n\t\t\t\t<\/div>\n\t\t\t\t\t<\/div>\n\t\t<\/div>\n\t\t\t\t\t<\/div>\n\t\t<\/section>\n\t\t\t\t<section class=\"elementor-section elementor-top-section elementor-element elementor-element-445da4b elementor-section-full_width elementor-section-height-default elementor-section-height-default\" data-id=\"445da4b\" data-element_type=\"section\" data-e-type=\"section\">\n\t\t\t\t\t\t<div class=\"elementor-container elementor-column-gap-default\">\n\t\t\t\t\t<div class=\"elementor-column elementor-col-100 elementor-top-column elementor-element elementor-element-609efe0\" data-id=\"609efe0\" data-element_type=\"column\" data-e-type=\"column\">\n\t\t\t<div class=\"elementor-widget-wrap elementor-element-populated\">\n\t\t\t\t\t\t<div class=\"elementor-element elementor-element-8553c5f elementor-widget elementor-widget-text-editor\" data-id=\"8553c5f\" data-element_type=\"widget\" data-e-type=\"widget\" data-widget_type=\"text-editor.default\">\n\t\t\t\t<div class=\"elementor-widget-container\">\n\t\t\t\t\t\t\t\t\t<p>Falls in Z\u00fcrich n\u00e4her, also innerhalb der gesetzlichen Grenzabst\u00e4nde gepflanzt werden m\u00f6chte, kann, sofern alle Parteien einverstanden sind, ein N\u00e4herpflanzrecht vereinbart werden. Dieses wird dann vertraglich festgehalten. Auf diese Weise k\u00f6nnen viele B\u00e4ume erm\u00f6glicht werden.<\/p><p>Auch hier empfiehlt es sich, sich bei den lokalen Beh\u00f6rden \u00fcber die rechtliche Situation zu erkundigen.<\/p>\t\t\t\t\t\t\t\t<\/div>\n\t\t\t\t<\/div>\n\t\t\t\t\t<\/div>\n\t\t<\/div>\n\t\t\t\t\t<\/div>\n\t\t<\/section>\n\t\t\t\t<section class=\"elementor-section elementor-top-section elementor-element elementor-element-316ef21 elementor-section-full_width elementor-section-height-default elementor-section-height-default\" data-id=\"316ef21\" data-element_type=\"section\" data-e-type=\"section\">\n\t\t\t\t\t\t<div class=\"elementor-container elementor-column-gap-default\">\n\t\t\t\t\t<div class=\"elementor-column elementor-col-100 elementor-top-column elementor-element elementor-element-1265259\" data-id=\"1265259\" data-element_type=\"column\" data-e-type=\"column\">\n\t\t\t<div class=\"elementor-widget-wrap elementor-element-populated\">\n\t\t\t\t\t\t<div class=\"elementor-element elementor-element-f385e44 elementor-widget__width-inherit elementor-widget elementor-widget-heading\" data-id=\"f385e44\" data-element_type=\"widget\" data-e-type=\"widget\" data-widget_type=\"heading.default\">\n\t\t\t\t<div class=\"elementor-widget-container\">\n\t\t\t\t\t<h3 class=\"elementor-heading-title elementor-size-default\">Die Verj\u00e4hrung<\/h3>\t\t\t\t<\/div>\n\t\t\t\t<\/div>\n\t\t\t\t\t<\/div>\n\t\t<\/div>\n\t\t\t\t\t<\/div>\n\t\t<\/section>\n\t\t\t\t<section class=\"elementor-section elementor-top-section elementor-element elementor-element-982d7a2 elementor-section-full_width elementor-section-height-default elementor-section-height-default\" data-id=\"982d7a2\" data-element_type=\"section\" data-e-type=\"section\">\n\t\t\t\t\t\t<div class=\"elementor-container elementor-column-gap-default\">\n\t\t\t\t\t<div class=\"elementor-column elementor-col-100 elementor-top-column elementor-element elementor-element-32aa946\" data-id=\"32aa946\" data-element_type=\"column\" data-e-type=\"column\">\n\t\t\t<div class=\"elementor-widget-wrap elementor-element-populated\">\n\t\t\t\t\t\t<div class=\"elementor-element elementor-element-a052aa2 elementor-widget elementor-widget-text-editor\" data-id=\"a052aa2\" data-element_type=\"widget\" data-e-type=\"widget\" data-widget_type=\"text-editor.default\">\n\t\t\t\t<div class=\"elementor-widget-container\">\n\t\t\t\t\t\t\t\t\t<p>Bei bestehenden und \u00fcber f\u00fcnf Jahre alten B\u00e4ume (ab Pflanzdatum) greift die Abstandsregelung nicht da diese dann verj\u00e4hrt ist.<\/p>\t\t\t\t\t\t\t\t<\/div>\n\t\t\t\t<\/div>\n\t\t\t\t\t<\/div>\n\t\t<\/div>\n\t\t\t\t\t<\/div>\n\t\t<\/section>\n\t\t\t\t<\/div>\n\t\t","protected":false},"excerpt":{"rendered":"<p>Weshalb private B\u00e4ume wichtig sind Auf viele potentielle Baumstandorte im \u00f6ffentlichen Raum k\u00f6nnen Privatpersonen keinen Einfluss nehmen. Auf der Abbildung \u00abVerteilung der Kronenfl\u00e4chen\u00bb wird jedoch deutlich, dass gut 50% der Stadtb\u00e4ume mehrheitlich auf privaten Grundst\u00fccken stehen. Zu argumentieren, dies w\u00e4re bereits genug, ist tr\u00fcgerisch. In diesen Gebieten betr\u00e4gt der Kronendeckungsgrad immer noch nur zwischen 15% [&hellip;]<\/p>\n","protected":false},"author":1,"featured_media":0,"parent":0,"menu_order":0,"comment_status":"closed","ping_status":"closed","template":"","meta":{"footnotes":""},"class_list":["post-104","page","type-page","status-publish","hentry"],"aioseo_notices":[],"_links":{"self":[{"href":"https:\/\/www.urbantree.ch\/index.php\/wp-json\/wp\/v2\/pages\/104","targetHints":{"allow":["GET"]}}],"collection":[{"href":"https:\/\/www.urbantree.ch\/index.php\/wp-json\/wp\/v2\/pages"}],"about":[{"href":"https:\/\/www.urbantree.ch\/index.php\/wp-json\/wp\/v2\/types\/page"}],"author":[{"embeddable":true,"href":"https:\/\/www.urbantree.ch\/index.php\/wp-json\/wp\/v2\/users\/1"}],"replies":[{"embeddable":true,"href":"https:\/\/www.urbantree.ch\/index.php\/wp-json\/wp\/v2\/comments?post=104"}],"version-history":[{"count":197,"href":"https:\/\/www.urbantree.ch\/index.php\/wp-json\/wp\/v2\/pages\/104\/revisions"}],"predecessor-version":[{"id":2364,"href":"https:\/\/www.urbantree.ch\/index.php\/wp-json\/wp\/v2\/pages\/104\/revisions\/2364"}],"wp:attachment":[{"href":"https:\/\/www.urbantree.ch\/index.php\/wp-json\/wp\/v2\/media?parent=104"}],"curies":[{"name":"wp","href":"https:\/\/api.w.org\/{rel}","templated":true}]}}