{"id":11,"date":"2022-11-07T14:20:36","date_gmt":"2022-11-07T14:20:36","guid":{"rendered":"https:\/\/www.urbantree.ch\/?page_id=11"},"modified":"2023-02-22T07:51:13","modified_gmt":"2023-02-22T07:51:13","slug":"ueber","status":"publish","type":"page","link":"https:\/\/www.urbantree.ch\/index.php\/ueber\/","title":{"rendered":"Ueber"},"content":{"rendered":"\t\t<div data-elementor-type=\"wp-post\" data-elementor-id=\"11\" class=\"elementor elementor-11\">\n\t\t\t\t\t\t<section class=\"elementor-section elementor-top-section elementor-element elementor-element-71a5100 elementor-section-full_width elementor-section-height-default elementor-section-height-default\" data-id=\"71a5100\" data-element_type=\"section\" data-e-type=\"section\">\n\t\t\t\t\t\t<div class=\"elementor-container elementor-column-gap-default\">\n\t\t\t\t\t<div class=\"elementor-column elementor-col-50 elementor-top-column elementor-element elementor-element-ec6367e\" data-id=\"ec6367e\" data-element_type=\"column\" data-e-type=\"column\">\n\t\t\t<div class=\"elementor-widget-wrap elementor-element-populated\">\n\t\t\t\t\t\t<div class=\"elementor-element elementor-element-edffeb6 elementor-widget elementor-widget-heading\" data-id=\"edffeb6\" data-element_type=\"widget\" data-e-type=\"widget\" data-widget_type=\"heading.default\">\n\t\t\t\t<div class=\"elementor-widget-container\">\n\t\t\t\t\t<h1 class=\"elementor-heading-title elementor-size-default\">\u00dcber diese Webseite<\/h1>\t\t\t\t<\/div>\n\t\t\t\t<\/div>\n\t\t\t\t<div class=\"elementor-element elementor-element-17be189 elementor-widget elementor-widget-text-editor\" data-id=\"17be189\" data-element_type=\"widget\" data-e-type=\"widget\" data-widget_type=\"text-editor.default\">\n\t\t\t\t<div class=\"elementor-widget-container\">\n\t\t\t\t\t\t\t\t\t<p>Diese Webseite ist die Abschlussarbeit im Rahmen des<\/p><p><strong>CAS 2022<\/strong> in<br \/><strong>Urban Forestry<\/strong><br \/>der <a href=\"https:\/\/www.fhgr.ch\/\" target=\"_blank\" rel=\"noopener\">Fachhochschule Graub\u00fcnden<\/a>.<\/p><p>(In Zusammenarbeit mit der <br \/><a href=\"https:\/\/www.zhaw.ch\/de\/lsfm\/institute-zentren\/iunr\/\" target=\"_blank\" rel=\"noopener\">Z\u00fcrcher Fachhochschule &#8222;Life Sciences und Facility Management&#8220; ZHAW + IUNR<\/a>,<br \/>der<br \/><a href=\"https:\/\/www.bfh.ch\/de\/\" target=\"_blank\" rel=\"noopener\">Berner Fachhochschule &#8222;BHF&#8220;<\/a><br \/>und der<br \/><a href=\"https:\/\/www.ost.ch\/\" target=\"_blank\" rel=\"noopener\">Ostschweizer Fachhochschule &#8222;OST&#8220;<\/a>)<\/p>\t\t\t\t\t\t\t\t<\/div>\n\t\t\t\t<\/div>\n\t\t\t\t\t<\/div>\n\t\t<\/div>\n\t\t\t\t<div class=\"elementor-column elementor-col-50 elementor-top-column elementor-element elementor-element-9cad5ed\" data-id=\"9cad5ed\" data-element_type=\"column\" data-e-type=\"column\">\n\t\t\t<div class=\"elementor-widget-wrap elementor-element-populated\">\n\t\t\t\t\t\t<div class=\"elementor-element elementor-element-4e8cd1b elementor-widget elementor-widget-heading\" data-id=\"4e8cd1b\" data-element_type=\"widget\" data-e-type=\"widget\" data-widget_type=\"heading.default\">\n\t\t\t\t<div class=\"elementor-widget-container\">\n\t\t\t\t\t<h1 class=\"elementor-heading-title elementor-size-default\">Kontakt<\/h1>\t\t\t\t<\/div>\n\t\t\t\t<\/div>\n\t\t\t\t<div class=\"elementor-element elementor-element-687114d elementor-widget elementor-widget-text-editor\" data-id=\"687114d\" data-element_type=\"widget\" data-e-type=\"widget\" data-widget_type=\"text-editor.default\">\n\t\t\t\t<div class=\"elementor-widget-container\">\n\t\t\t\t\t\t\t\t\t<div>Verantwortlich f\u00fcr die Webseite und deren Inhalt:<\/div><div>Daniel Land\u00f6s<\/div><div>\u00a0<\/div><div><a href=\"https:\/\/baum-ing.ch\" target=\"_blank\" rel=\"noopener\">baum-ing.ch<\/a><\/div><div>baum-ing. Daniel Land\u00f6s<\/div><div>Stodolastrasse 10<\/div><div>8053 Z\u00fcrich<\/div><div>\u00a0<\/div><div><a href=\"mailto:info@baum-ing.ch\">info@baum-ing.ch<\/a><\/div><div>\u00a0<\/div><div>Z\u00fcrich, im Februar 2023<\/div>\t\t\t\t\t\t\t\t<\/div>\n\t\t\t\t<\/div>\n\t\t\t\t\t<\/div>\n\t\t<\/div>\n\t\t\t\t\t<\/div>\n\t\t<\/section>\n\t\t\t\t<section class=\"elementor-section elementor-top-section elementor-element elementor-element-15f3fe1 elementor-section-full_width elementor-section-height-default elementor-section-height-default\" data-id=\"15f3fe1\" data-element_type=\"section\" data-e-type=\"section\">\n\t\t\t\t\t\t<div class=\"elementor-container elementor-column-gap-default\">\n\t\t\t\t\t<div class=\"elementor-column elementor-col-100 elementor-top-column elementor-element elementor-element-63d59f1\" data-id=\"63d59f1\" data-element_type=\"column\" data-e-type=\"column\">\n\t\t\t<div class=\"elementor-widget-wrap elementor-element-populated\">\n\t\t\t\t\t\t<div class=\"elementor-element elementor-element-a457a4e elementor-widget elementor-widget-heading\" data-id=\"a457a4e\" data-element_type=\"widget\" data-e-type=\"widget\" data-widget_type=\"heading.default\">\n\t\t\t\t<div class=\"elementor-widget-container\">\n\t\t\t\t\t<h1 class=\"elementor-heading-title elementor-size-default\">Stadtbaumkarten<\/h1>\t\t\t\t<\/div>\n\t\t\t\t<\/div>\n\t\t\t\t<div class=\"elementor-element elementor-element-4f30a43 elementor-widget__width-initial elementor-widget-tablet__width-inherit elementor-widget elementor-widget-text-editor\" data-id=\"4f30a43\" data-element_type=\"widget\" data-e-type=\"widget\" data-widget_type=\"text-editor.default\">\n\t\t\t\t<div class=\"elementor-widget-container\">\n\t\t\t\t\t\t\t\t\t<p><a href=\"https:\/\/essentials.urbantree.ch\/\" target=\"_blank\" rel=\"noopener\">Hier<\/a> geht es f\u00fcr den geneigten und interessierten Leser noch zu einer Gruppenarbeit des CAS in Urban Forestry.<\/p><p>Auf gestalteten Stadtbaumkarten werden pers\u00f6nliche Aha-Erlebnisse jedes Gruppenmitglieds w\u00e4hrend des Lehrgangs widerspiegelt.<\/p><p>Die Baumkarten bieten eine zug\u00e4ngliche und spielerische Form, um w\u00e4hrend Begehungen, Verhandlungen oder Sitzungen unmittelbar Informationen \u00fcber spezifische Themen stichwortartig weiterzugeben.<\/p>\t\t\t\t\t\t\t\t<\/div>\n\t\t\t\t<\/div>\n\t\t\t\t\t<\/div>\n\t\t<\/div>\n\t\t\t\t\t<\/div>\n\t\t<\/section>\n\t\t\t\t<\/div>\n\t\t","protected":false},"excerpt":{"rendered":"<p>\u00dcber diese Webseite Diese Webseite ist die Abschlussarbeit im Rahmen des CAS 2022 inUrban Forestryder Fachhochschule Graub\u00fcnden. (In Zusammenarbeit mit der Z\u00fcrcher Fachhochschule &#8222;Life Sciences und Facility Management&#8220; ZHAW + IUNR,derBerner Fachhochschule &#8222;BHF&#8220;und derOstschweizer Fachhochschule &#8222;OST&#8220;) Kontakt Verantwortlich f\u00fcr die Webseite und deren Inhalt:Daniel Land\u00f6s\u00a0baum-ing.chbaum-ing. Daniel Land\u00f6sStodolastrasse 108053 Z\u00fcrich\u00a0info@baum-ing.ch\u00a0Z\u00fcrich, im Februar 2023 Stadtbaumkarten Hier geht [&hellip;]<\/p>\n","protected":false},"author":1,"featured_media":0,"parent":0,"menu_order":0,"comment_status":"closed","ping_status":"closed","template":"","meta":{"footnotes":""},"class_list":["post-11","page","type-page","status-publish","hentry"],"aioseo_notices":[],"_links":{"self":[{"href":"https:\/\/www.urbantree.ch\/index.php\/wp-json\/wp\/v2\/pages\/11","targetHints":{"allow":["GET"]}}],"collection":[{"href":"https:\/\/www.urbantree.ch\/index.php\/wp-json\/wp\/v2\/pages"}],"about":[{"href":"https:\/\/www.urbantree.ch\/index.php\/wp-json\/wp\/v2\/types\/page"}],"author":[{"embeddable":true,"href":"https:\/\/www.urbantree.ch\/index.php\/wp-json\/wp\/v2\/users\/1"}],"replies":[{"embeddable":true,"href":"https:\/\/www.urbantree.ch\/index.php\/wp-json\/wp\/v2\/comments?post=11"}],"version-history":[{"count":120,"href":"https:\/\/www.urbantree.ch\/index.php\/wp-json\/wp\/v2\/pages\/11\/revisions"}],"predecessor-version":[{"id":2255,"href":"https:\/\/www.urbantree.ch\/index.php\/wp-json\/wp\/v2\/pages\/11\/revisions\/2255"}],"wp:attachment":[{"href":"https:\/\/www.urbantree.ch\/index.php\/wp-json\/wp\/v2\/media?parent=11"}],"curies":[{"name":"wp","href":"https:\/\/api.w.org\/{rel}","templated":true}]}}