{"id":122,"date":"2022-11-26T10:56:27","date_gmt":"2022-11-26T10:56:27","guid":{"rendered":"https:\/\/www.urbantree.ch\/?page_id=122"},"modified":"2023-02-23T09:17:48","modified_gmt":"2023-02-23T09:17:48","slug":"alte-baeume","status":"publish","type":"page","link":"https:\/\/www.urbantree.ch\/index.php\/alte-baeume\/","title":{"rendered":"alte B\u00e4ume"},"content":{"rendered":"\t\t<div data-elementor-type=\"wp-page\" data-elementor-id=\"122\" class=\"elementor elementor-122\">\n\t\t\t\t\t\t<section class=\"elementor-section elementor-top-section elementor-element elementor-element-3445d9b elementor-section-full_width elementor-section-height-default elementor-section-height-default\" data-id=\"3445d9b\" data-element_type=\"section\" data-e-type=\"section\">\n\t\t\t\t\t\t<div class=\"elementor-container elementor-column-gap-default\">\n\t\t\t\t\t<div class=\"elementor-column elementor-col-100 elementor-top-column elementor-element elementor-element-50a6113\" data-id=\"50a6113\" data-element_type=\"column\" data-e-type=\"column\">\n\t\t\t<div class=\"elementor-widget-wrap elementor-element-populated\">\n\t\t\t\t\t\t<div class=\"elementor-element elementor-element-ce3da3e elementor-widget elementor-widget-heading\" data-id=\"ce3da3e\" data-element_type=\"widget\" data-e-type=\"widget\" data-widget_type=\"heading.default\">\n\t\t\t\t<div class=\"elementor-widget-container\">\n\t\t\t\t\t<h1 class=\"elementor-heading-title elementor-size-default\">Weshalb alte B\u00e4ume wichtig sind<\/h1>\t\t\t\t<\/div>\n\t\t\t\t<\/div>\n\t\t\t\t\t<\/div>\n\t\t<\/div>\n\t\t\t\t\t<\/div>\n\t\t<\/section>\n\t\t\t\t<section class=\"elementor-section elementor-top-section elementor-element elementor-element-04e5571 elementor-section-full_width elementor-section-height-default elementor-section-height-default\" data-id=\"04e5571\" data-element_type=\"section\" data-e-type=\"section\">\n\t\t\t\t\t\t<div class=\"elementor-container elementor-column-gap-default\">\n\t\t\t\t\t<div class=\"elementor-column elementor-col-100 elementor-top-column elementor-element elementor-element-de57026\" data-id=\"de57026\" data-element_type=\"column\" data-e-type=\"column\">\n\t\t\t<div class=\"elementor-widget-wrap elementor-element-populated\">\n\t\t\t\t\t\t<div class=\"elementor-element elementor-element-86e2b52 elementor-widget elementor-widget-heading\" data-id=\"86e2b52\" data-element_type=\"widget\" data-e-type=\"widget\" data-widget_type=\"heading.default\">\n\t\t\t\t<div class=\"elementor-widget-container\">\n\t\t\t\t\t<h2 class=\"elementor-heading-title elementor-size-default\">Biodiversit\u00e4t<\/h2>\t\t\t\t<\/div>\n\t\t\t\t<\/div>\n\t\t\t\t\t<\/div>\n\t\t<\/div>\n\t\t\t\t\t<\/div>\n\t\t<\/section>\n\t\t\t\t<section class=\"elementor-section elementor-top-section elementor-element elementor-element-d0734e8 elementor-section-full_width elementor-section-height-default elementor-section-height-default\" data-id=\"d0734e8\" data-element_type=\"section\" data-e-type=\"section\">\n\t\t\t\t\t\t<div class=\"elementor-container elementor-column-gap-default\">\n\t\t\t\t\t<div class=\"elementor-column elementor-col-100 elementor-top-column elementor-element elementor-element-2412544\" data-id=\"2412544\" data-element_type=\"column\" data-e-type=\"column\">\n\t\t\t<div class=\"elementor-widget-wrap elementor-element-populated\">\n\t\t\t\t\t\t<div class=\"elementor-element elementor-element-bb20746 elementor-widget elementor-widget-text-editor\" data-id=\"bb20746\" data-element_type=\"widget\" data-e-type=\"widget\" data-widget_type=\"text-editor.default\">\n\t\t\t\t<div class=\"elementor-widget-container\">\n\t\t\t\t\t\t\t\t\t<p>Alte B\u00e4ume haben generell einen h\u00f6heren Wert f\u00fcr die Biodiversit\u00e4t. Mit zunehmendem Alter bilden sich H\u00f6hlungen, Wunden, Faulstellen und Totholz. Diese bieten Lebensr\u00e4ume f\u00fcr Insekten, V\u00f6gel, Pilze, Flederm\u00e4use, Tagfalter oder auch andere Pflanzen. Solche \u00f6kologische Nischen findet man auf Jungb\u00e4umen nicht oder seltener.<\/p>\t\t\t\t\t\t\t\t<\/div>\n\t\t\t\t<\/div>\n\t\t\t\t\t<\/div>\n\t\t<\/div>\n\t\t\t\t\t<\/div>\n\t\t<\/section>\n\t\t\t\t<section class=\"elementor-section elementor-top-section elementor-element elementor-element-7e365c8 elementor-section-full_width elementor-section-height-default elementor-section-height-default\" data-id=\"7e365c8\" data-element_type=\"section\" data-e-type=\"section\">\n\t\t\t\t\t\t<div class=\"elementor-container elementor-column-gap-default\">\n\t\t\t\t\t<div class=\"elementor-column elementor-col-100 elementor-top-column elementor-element elementor-element-1dbb3be\" data-id=\"1dbb3be\" data-element_type=\"column\" data-e-type=\"column\">\n\t\t\t<div class=\"elementor-widget-wrap elementor-element-populated\">\n\t\t\t\t\t\t<div class=\"elementor-element elementor-element-dbda890 elementor-widget elementor-widget-text-editor\" data-id=\"dbda890\" data-element_type=\"widget\" data-e-type=\"widget\" data-widget_type=\"text-editor.default\">\n\t\t\t\t<div class=\"elementor-widget-container\">\n\t\t\t\t\t\t\t\t\t<p>Evolutionsbedingt sind unsere einheimischen V\u00f6gel, Pflanzen und Insekten an einheimische Baumarten angepasst. Das heisst, auf einheimischen B\u00e4umen wird eine gr\u00f6ssere Vielfalt an Bewohnern gefunden wie auf fremden Baumarten. Dies hat eine Studie von SWILD ergeben, welche einen neuen Biodiversit\u00e4tsindex (2021) f\u00fcr B\u00e4ume entwickelt hat. Dabei wurden sieben Organismengruppen (Moose, Flechten, Wildbienen, K\u00e4fer, Schmetterlinge, V\u00f6gel, S\u00e4ugetiere) ber\u00fccksichtigt.<br \/>Der Biodiversit\u00e4tsindex f\u00fcr B\u00e4ume umfasst 105 Baumarten und unterscheidet zwischen Strassenb\u00e4umen und Parkb\u00e4umen.<\/p><p>Die <a href=\"http:\/\/www.swild.ch\/pdf\/BE_StadtbaumBiodivIndex_SWILD_GSZ_20211209def.pdf\" target=\"_blank\" rel=\"noopener\">Studie<\/a> kann von der Webseite von SWILD heruntergeladen werden. Der Biodiversit\u00e4tsindex ist auf Seite 30, Punkt 7.4 ersichtlich.<\/p>\t\t\t\t\t\t\t\t<\/div>\n\t\t\t\t<\/div>\n\t\t\t\t\t<\/div>\n\t\t<\/div>\n\t\t\t\t\t<\/div>\n\t\t<\/section>\n\t\t\t\t<section class=\"elementor-section elementor-top-section elementor-element elementor-element-e896b9c elementor-section-full_width elementor-section-height-default elementor-section-height-default\" data-id=\"e896b9c\" data-element_type=\"section\" data-e-type=\"section\">\n\t\t\t\t\t\t<div class=\"elementor-container elementor-column-gap-default\">\n\t\t\t\t\t<div class=\"elementor-column elementor-col-100 elementor-top-column elementor-element elementor-element-3460de6\" data-id=\"3460de6\" data-element_type=\"column\" data-e-type=\"column\">\n\t\t\t<div class=\"elementor-widget-wrap elementor-element-populated\">\n\t\t\t\t\t\t<div class=\"elementor-element elementor-element-d22f196 elementor-widget elementor-widget-heading\" data-id=\"d22f196\" data-element_type=\"widget\" data-e-type=\"widget\" data-widget_type=\"heading.default\">\n\t\t\t\t<div class=\"elementor-widget-container\">\n\t\t\t\t\t<h2 class=\"elementor-heading-title elementor-size-default\">Baumgr\u00f6sse vs. \u00d6kosystemleistung<\/h2>\t\t\t\t<\/div>\n\t\t\t\t<\/div>\n\t\t\t\t\t<\/div>\n\t\t<\/div>\n\t\t\t\t\t<\/div>\n\t\t<\/section>\n\t\t\t\t<section class=\"elementor-section elementor-top-section elementor-element elementor-element-a278821 elementor-section-full_width elementor-section-height-default elementor-section-height-default\" data-id=\"a278821\" data-element_type=\"section\" data-e-type=\"section\">\n\t\t\t\t\t\t<div class=\"elementor-container elementor-column-gap-default\">\n\t\t\t\t\t<div class=\"elementor-column elementor-col-100 elementor-top-column elementor-element elementor-element-1931659\" data-id=\"1931659\" data-element_type=\"column\" data-e-type=\"column\">\n\t\t\t<div class=\"elementor-widget-wrap elementor-element-populated\">\n\t\t\t\t\t\t<div class=\"elementor-element elementor-element-48f1d1b elementor-widget elementor-widget-text-editor\" data-id=\"48f1d1b\" data-element_type=\"widget\" data-e-type=\"widget\" data-widget_type=\"text-editor.default\">\n\t\t\t\t<div class=\"elementor-widget-container\">\n\t\t\t\t\t\t\t\t\t<p>Auf die \u00d6kosystemleistungen hat die Gr\u00f6sse eines Baumes grossen Einfluss. So besitzt er in der Regel eine gr\u00f6ssere Krone wie ein kleinerer Baum und kann somit mehr Wasser verdunsten, mehr Feinstaub und Kohlenstoff binden, mehr Sauerstoff produzieren, um nur einige zu nennen.<\/p>\t\t\t\t\t\t\t\t<\/div>\n\t\t\t\t<\/div>\n\t\t\t\t\t<\/div>\n\t\t<\/div>\n\t\t\t\t\t<\/div>\n\t\t<\/section>\n\t\t\t\t<section class=\"elementor-section elementor-top-section elementor-element elementor-element-c143d54 elementor-section-full_width elementor-section-height-default elementor-section-height-default\" data-id=\"c143d54\" data-element_type=\"section\" data-e-type=\"section\">\n\t\t\t\t\t\t<div class=\"elementor-container elementor-column-gap-default\">\n\t\t\t\t\t<div class=\"elementor-column elementor-col-100 elementor-top-column elementor-element elementor-element-299dd6f\" data-id=\"299dd6f\" data-element_type=\"column\" data-e-type=\"column\">\n\t\t\t<div class=\"elementor-widget-wrap elementor-element-populated\">\n\t\t\t\t\t\t<div class=\"elementor-element elementor-element-49d9236 elementor-widget__width-inherit elementor-widget elementor-widget-image\" data-id=\"49d9236\" data-element_type=\"widget\" data-e-type=\"widget\" data-widget_type=\"image.default\">\n\t\t\t\t<div class=\"elementor-widget-container\">\n\t\t\t\t\t\t\t\t\t\t\t\t<figure class=\"wp-caption\">\n\t\t\t\t\t\t\t\t\t\t\t<a href=\"https:\/\/www.urbantree.ch\/wp-content\/uploads\/2023\/01\/urbantree_grosserBaum.png\" data-elementor-open-lightbox=\"yes\" data-elementor-lightbox-title=\"urbantree_grosserBaum\" data-e-action-hash=\"#elementor-action%3Aaction%3Dlightbox%26settings%3DeyJpZCI6NjYzLCJ1cmwiOiJodHRwczpcL1wvd3d3LnVyYmFudHJlZS5jaFwvd3AtY29udGVudFwvdXBsb2Fkc1wvMjAyM1wvMDFcL3VyYmFudHJlZV9ncm9zc2VyQmF1bS5wbmcifQ%3D%3D\">\n\t\t\t\t\t\t\t<img fetchpriority=\"high\" decoding=\"async\" width=\"800\" height=\"421\" src=\"https:\/\/www.urbantree.ch\/wp-content\/uploads\/2023\/01\/urbantree_grosserBaum.png\" class=\"attachment-full size-full wp-image-663\" alt=\"\" srcset=\"https:\/\/www.urbantree.ch\/wp-content\/uploads\/2023\/01\/urbantree_grosserBaum.png 800w, https:\/\/www.urbantree.ch\/wp-content\/uploads\/2023\/01\/urbantree_grosserBaum-300x158.png 300w, https:\/\/www.urbantree.ch\/wp-content\/uploads\/2023\/01\/urbantree_grosserBaum-768x404.png 768w\" sizes=\"(max-width: 800px) 100vw, 800px\" \/>\t\t\t\t\t\t\t\t<\/a>\n\t\t\t\t\t\t\t\t\t\t\t<figcaption class=\"widget-image-caption wp-caption-text\">Grosser Baum (Quelle: Pixabay.com)<\/figcaption>\n\t\t\t\t\t\t\t\t\t\t<\/figure>\n\t\t\t\t\t\t\t\t\t<\/div>\n\t\t\t\t<\/div>\n\t\t\t\t<div class=\"elementor-element elementor-element-94b1191 elementor-widget elementor-widget-text-editor\" data-id=\"94b1191\" data-element_type=\"widget\" data-e-type=\"widget\" data-widget_type=\"text-editor.default\">\n\t\t\t\t<div class=\"elementor-widget-container\">\n\t\t\t\t\t\t\t\t\t<p>Um, gemessen an der \u00d6kosystemleistung, diesen Baum zu ersetzen, m\u00fcssten wohl 100 kleine B\u00e4ume gepflanzt werden. So h\u00e4ngen doch an jedem einzelnen Ast gef\u00fchlt zehn kleine B\u00e4ume. Zugegeben, es ist ein Extrembeispiel, aber trotzdem, der Vergleich gilt.<\/p>\t\t\t\t\t\t\t\t<\/div>\n\t\t\t\t<\/div>\n\t\t\t\t\t<\/div>\n\t\t<\/div>\n\t\t\t\t\t<\/div>\n\t\t<\/section>\n\t\t\t\t<section class=\"elementor-section elementor-top-section elementor-element elementor-element-bfc2689 elementor-section-full_width elementor-section-height-default elementor-section-height-default\" data-id=\"bfc2689\" data-element_type=\"section\" data-e-type=\"section\">\n\t\t\t\t\t\t<div class=\"elementor-container elementor-column-gap-default\">\n\t\t\t\t\t<div class=\"elementor-column elementor-col-100 elementor-top-column elementor-element elementor-element-2986bc5\" data-id=\"2986bc5\" data-element_type=\"column\" data-e-type=\"column\">\n\t\t\t<div class=\"elementor-widget-wrap elementor-element-populated\">\n\t\t\t\t\t\t<div class=\"elementor-element elementor-element-b9dbd5e elementor-widget elementor-widget-text-editor\" data-id=\"b9dbd5e\" data-element_type=\"widget\" data-e-type=\"widget\" data-widget_type=\"text-editor.default\">\n\t\t\t\t<div class=\"elementor-widget-container\">\n\t\t\t\t\t\t\t\t\t<p>Im Rahmen einer Gruppenarbeit des CAS in Urban Forestry sind Baumkarten entstanden, unter anderem auch zu Themen wie &#8222;Alte B\u00e4ume&#8220;, &#8222;Biodiversit\u00e4t&#8220; oder &#8222;\u00d6kosystemleistungen&#8220;.<br \/>Diese sind <a href=\"https:\/\/essentials.urbantree.ch\/\" target=\"_blank\" rel=\"noopener\">hier<\/a> abrufbar.<\/p>\t\t\t\t\t\t\t\t<\/div>\n\t\t\t\t<\/div>\n\t\t\t\t\t<\/div>\n\t\t<\/div>\n\t\t\t\t\t<\/div>\n\t\t<\/section>\n\t\t\t\t<section class=\"elementor-section elementor-top-section elementor-element elementor-element-1604c46 elementor-section-full_width elementor-section-height-default elementor-section-height-default\" data-id=\"1604c46\" data-element_type=\"section\" data-e-type=\"section\">\n\t\t\t\t\t\t<div class=\"elementor-container elementor-column-gap-default\">\n\t\t\t\t\t<div class=\"elementor-column elementor-col-100 elementor-top-column elementor-element elementor-element-706675b\" data-id=\"706675b\" data-element_type=\"column\" data-e-type=\"column\">\n\t\t\t<div class=\"elementor-widget-wrap elementor-element-populated\">\n\t\t\t\t\t\t<div class=\"elementor-element elementor-element-86a4296 elementor-widget elementor-widget-heading\" data-id=\"86a4296\" data-element_type=\"widget\" data-e-type=\"widget\" data-widget_type=\"heading.default\">\n\t\t\t\t<div class=\"elementor-widget-container\">\n\t\t\t\t\t<h2 class=\"elementor-heading-title elementor-size-default\">Sicherheit und Baumpflege<\/h2>\t\t\t\t<\/div>\n\t\t\t\t<\/div>\n\t\t\t\t\t<\/div>\n\t\t<\/div>\n\t\t\t\t\t<\/div>\n\t\t<\/section>\n\t\t\t\t<section class=\"elementor-section elementor-top-section elementor-element elementor-element-00142ef elementor-section-full_width elementor-section-height-default elementor-section-height-default\" data-id=\"00142ef\" data-element_type=\"section\" data-e-type=\"section\">\n\t\t\t\t\t\t<div class=\"elementor-container elementor-column-gap-default\">\n\t\t\t\t\t<div class=\"elementor-column elementor-col-100 elementor-top-column elementor-element elementor-element-a028656\" data-id=\"a028656\" data-element_type=\"column\" data-e-type=\"column\">\n\t\t\t<div class=\"elementor-widget-wrap elementor-element-populated\">\n\t\t\t\t\t\t<div class=\"elementor-element elementor-element-246d4bd elementor-widget elementor-widget-text-editor\" data-id=\"246d4bd\" data-element_type=\"widget\" data-e-type=\"widget\" data-widget_type=\"text-editor.default\">\n\t\t\t\t<div class=\"elementor-widget-container\">\n\t\t\t\t\t\t\t\t\t<p>Alte, grosse B\u00e4ume sollten je nach Standort regelm\u00e4ssig auf ihre Verkehrssicherheit kontrolliert werden. Denn Habitatsstrukturen wie H\u00f6hlungen oder Faulstellen, Pilzbefall oder Totholz k\u00f6nnen die Verkehrssicherheit beeintr\u00e4chtigen. Wichtig ist jeweils auch, das Gefahrenpotential eines Baumes richtig einzusch\u00e4tzen. So macht es einen Unterschied, ob ein Baum auf einem Kinderspielplatz steht oder abseits von Publikumsverkehr im Wald.<\/p><p>Arbeiten am Baum sollten nur durch ausgewiesene Fachleute wie Baumpfleger ausgef\u00fchrt werden. Auf der Webseite des <a href=\"https:\/\/baumpflege-schweiz.ch\/\" target=\"_blank\" rel=\"noopener\">Bundes Schweizer Baumpflege<\/a> findet man Baumpflegefirmen, nach Regionen gelistet.<\/p>\t\t\t\t\t\t\t\t<\/div>\n\t\t\t\t<\/div>\n\t\t\t\t\t<\/div>\n\t\t<\/div>\n\t\t\t\t\t<\/div>\n\t\t<\/section>\n\t\t\t\t<\/div>\n\t\t","protected":false},"excerpt":{"rendered":"<p>Weshalb alte B\u00e4ume wichtig sind Biodiversit\u00e4t Alte B\u00e4ume haben generell einen h\u00f6heren Wert f\u00fcr die Biodiversit\u00e4t. Mit zunehmendem Alter bilden sich H\u00f6hlungen, Wunden, Faulstellen und Totholz. Diese bieten Lebensr\u00e4ume f\u00fcr Insekten, V\u00f6gel, Pilze, Flederm\u00e4use, Tagfalter oder auch andere Pflanzen. Solche \u00f6kologische Nischen findet man auf Jungb\u00e4umen nicht oder seltener. Evolutionsbedingt sind unsere einheimischen V\u00f6gel, Pflanzen [&hellip;]<\/p>\n","protected":false},"author":1,"featured_media":0,"parent":0,"menu_order":0,"comment_status":"closed","ping_status":"closed","template":"","meta":{"footnotes":""},"class_list":["post-122","page","type-page","status-publish","hentry"],"aioseo_notices":[],"_links":{"self":[{"href":"https:\/\/www.urbantree.ch\/index.php\/wp-json\/wp\/v2\/pages\/122","targetHints":{"allow":["GET"]}}],"collection":[{"href":"https:\/\/www.urbantree.ch\/index.php\/wp-json\/wp\/v2\/pages"}],"about":[{"href":"https:\/\/www.urbantree.ch\/index.php\/wp-json\/wp\/v2\/types\/page"}],"author":[{"embeddable":true,"href":"https:\/\/www.urbantree.ch\/index.php\/wp-json\/wp\/v2\/users\/1"}],"replies":[{"embeddable":true,"href":"https:\/\/www.urbantree.ch\/index.php\/wp-json\/wp\/v2\/comments?post=122"}],"version-history":[{"count":101,"href":"https:\/\/www.urbantree.ch\/index.php\/wp-json\/wp\/v2\/pages\/122\/revisions"}],"predecessor-version":[{"id":2349,"href":"https:\/\/www.urbantree.ch\/index.php\/wp-json\/wp\/v2\/pages\/122\/revisions\/2349"}],"wp:attachment":[{"href":"https:\/\/www.urbantree.ch\/index.php\/wp-json\/wp\/v2\/media?parent=122"}],"curies":[{"name":"wp","href":"https:\/\/api.w.org\/{rel}","templated":true}]}}