{"id":179,"date":"2022-11-26T11:14:45","date_gmt":"2022-11-26T11:14:45","guid":{"rendered":"https:\/\/www.urbantree.ch\/?page_id=179"},"modified":"2023-02-22T07:57:03","modified_gmt":"2023-02-22T07:57:03","slug":"das-pflanzen","status":"publish","type":"page","link":"https:\/\/www.urbantree.ch\/index.php\/das-pflanzen\/","title":{"rendered":"Das Pflanzen"},"content":{"rendered":"\t\t<div data-elementor-type=\"wp-page\" data-elementor-id=\"179\" class=\"elementor elementor-179\">\n\t\t\t\t\t\t<section class=\"elementor-section elementor-top-section elementor-element elementor-element-9774dd5 elementor-section-full_width elementor-section-height-default elementor-section-height-default\" data-id=\"9774dd5\" data-element_type=\"section\" data-e-type=\"section\">\n\t\t\t\t\t\t<div class=\"elementor-container elementor-column-gap-default\">\n\t\t\t\t\t<div class=\"elementor-column elementor-col-100 elementor-top-column elementor-element elementor-element-06a63fc\" data-id=\"06a63fc\" data-element_type=\"column\" data-e-type=\"column\">\n\t\t\t<div class=\"elementor-widget-wrap elementor-element-populated\">\n\t\t\t\t\t\t<div class=\"elementor-element elementor-element-de893e2 elementor-widget elementor-widget-heading\" data-id=\"de893e2\" data-element_type=\"widget\" data-e-type=\"widget\" data-widget_type=\"heading.default\">\n\t\t\t\t<div class=\"elementor-widget-container\">\n\t\t\t\t\t<h1 class=\"elementor-heading-title elementor-size-default\">Wie man B\u00e4ume richtig pflanzt<\/h1>\t\t\t\t<\/div>\n\t\t\t\t<\/div>\n\t\t\t\t\t<\/div>\n\t\t<\/div>\n\t\t\t\t\t<\/div>\n\t\t<\/section>\n\t\t\t\t<section class=\"elementor-section elementor-top-section elementor-element elementor-element-2b29df6 elementor-section-full_width elementor-section-height-default elementor-section-height-default\" data-id=\"2b29df6\" data-element_type=\"section\" data-e-type=\"section\">\n\t\t\t\t\t\t<div class=\"elementor-container elementor-column-gap-default\">\n\t\t\t\t\t<div class=\"elementor-column elementor-col-100 elementor-top-column elementor-element elementor-element-6ddc1a9\" data-id=\"6ddc1a9\" data-element_type=\"column\" data-e-type=\"column\">\n\t\t\t<div class=\"elementor-widget-wrap elementor-element-populated\">\n\t\t\t\t\t\t<div class=\"elementor-element elementor-element-6ea1640 elementor-widget elementor-widget-text-editor\" data-id=\"6ea1640\" data-element_type=\"widget\" data-e-type=\"widget\" data-widget_type=\"text-editor.default\">\n\t\t\t\t<div class=\"elementor-widget-container\">\n\t\t\t\t\t\t\t\t\t<p>Dem korrekten Pflanzen wird oft zuwenig Beachtung geschenkt. So haben verschiedene Faktoren Einfluss auf das Anwachsen und Gedeihen eines Baumes. So ist auf die Pflanztiefe, das richtige Festbinden des Baumes, die geeignete Gr\u00f6sse der Baumgrube sowie die Auswahl des Substrates zu achten.<\/p><p>Auf die korrekte Pflanztiefe wird hier genauer eingegangen.<\/p>\t\t\t\t\t\t\t\t<\/div>\n\t\t\t\t<\/div>\n\t\t\t\t\t<\/div>\n\t\t<\/div>\n\t\t\t\t\t<\/div>\n\t\t<\/section>\n\t\t\t\t<section class=\"elementor-section elementor-top-section elementor-element elementor-element-53c6347 elementor-section-full_width elementor-section-height-default elementor-section-height-default\" data-id=\"53c6347\" data-element_type=\"section\" data-e-type=\"section\">\n\t\t\t\t\t\t<div class=\"elementor-container elementor-column-gap-default\">\n\t\t\t\t\t<div class=\"elementor-column elementor-col-100 elementor-top-column elementor-element elementor-element-e7d2198\" data-id=\"e7d2198\" data-element_type=\"column\" data-e-type=\"column\">\n\t\t\t<div class=\"elementor-widget-wrap elementor-element-populated\">\n\t\t\t\t\t\t<div class=\"elementor-element elementor-element-c595e4c elementor-widget elementor-widget-heading\" data-id=\"c595e4c\" data-element_type=\"widget\" data-e-type=\"widget\" data-widget_type=\"heading.default\">\n\t\t\t\t<div class=\"elementor-widget-container\">\n\t\t\t\t\t<h2 class=\"elementor-heading-title elementor-size-default\">Die Pflanztiefe<\/h2>\t\t\t\t<\/div>\n\t\t\t\t<\/div>\n\t\t\t\t\t<\/div>\n\t\t<\/div>\n\t\t\t\t\t<\/div>\n\t\t<\/section>\n\t\t\t\t<section class=\"elementor-section elementor-top-section elementor-element elementor-element-6f04203 elementor-section-full_width elementor-section-height-default elementor-section-height-default\" data-id=\"6f04203\" data-element_type=\"section\" data-e-type=\"section\">\n\t\t\t\t\t\t<div class=\"elementor-container elementor-column-gap-default\">\n\t\t\t\t\t<div class=\"elementor-column elementor-col-100 elementor-top-column elementor-element elementor-element-1f11cfe\" data-id=\"1f11cfe\" data-element_type=\"column\" data-e-type=\"column\">\n\t\t\t<div class=\"elementor-widget-wrap elementor-element-populated\">\n\t\t\t\t\t\t<div class=\"elementor-element elementor-element-4c281af elementor-widget elementor-widget-text-editor\" data-id=\"4c281af\" data-element_type=\"widget\" data-e-type=\"widget\" data-widget_type=\"text-editor.default\">\n\t\t\t\t<div class=\"elementor-widget-container\">\n\t\t\t\t\t\t\t\t\t<p>Sehr oft werden B\u00e4ume zu tief gepflanzt. Dies kommt daher, dass w\u00e4hrend der mehrfachen Verschulung der B\u00e4ume diese in der Baumschule immer wieder etwas tiefer gepflanzt werden und damit der Stammansatz bei jedem Verpflanzen immer weiter nach unten rutscht.<\/p>\n<p>Pflanzt man dann einen Baum, achtet man oft darauf, dass der Ballen oben b\u00fcndig mit dem umliegenden Terrain ist, resp. sogar etwas tiefer zu liegen kommt. Dies hat zur Folge, dass der Stammansatz (dort wo der Stamm dicker ist und in die Wurzeln \u00fcbergeht) mehrere Zentimeter unter der Erdoberfl\u00e4che zu liegen kommt.<\/p>\n<p>Wird dieser Teil des Stammes permanenter Bodenfeuchte ausgesetzt, werden oft Adventivwurzeln gebildet. Diese Wurzeln dienen zwar der Wasser- und N\u00e4hrstoffaufnahme, jedoch nicht der Verankerung im Boden. Die eigentlichen Prim\u00e4rwurzeln verlieren mit der Zeit ihre Funktion und sterben, resp. faulen ab.<\/p>\n<p>Dies hat zur Folge, dass der Baum seine Standfestigkeit verliert und umst\u00fcrzen kann.<\/p>\n<p>Zu tief gepflanzte B\u00e4ume wachsen in der Regel nur schlecht, beziehungsweise gar nicht an.<\/p>\t\t\t\t\t\t\t\t<\/div>\n\t\t\t\t<\/div>\n\t\t\t\t\t<\/div>\n\t\t<\/div>\n\t\t\t\t\t<\/div>\n\t\t<\/section>\n\t\t\t\t<section class=\"elementor-section elementor-top-section elementor-element elementor-element-c54e27a elementor-section-full_width elementor-section-height-default elementor-section-height-default\" data-id=\"c54e27a\" data-element_type=\"section\" data-e-type=\"section\">\n\t\t\t\t\t\t<div class=\"elementor-container elementor-column-gap-default\">\n\t\t\t\t\t<div class=\"elementor-column elementor-col-100 elementor-top-column elementor-element elementor-element-e64125f\" data-id=\"e64125f\" data-element_type=\"column\" data-e-type=\"column\">\n\t\t\t<div class=\"elementor-widget-wrap elementor-element-populated\">\n\t\t\t\t\t\t<section class=\"elementor-section elementor-inner-section elementor-element elementor-element-9de8370 elementor-section-full_width elementor-section-height-default elementor-section-height-default\" data-id=\"9de8370\" data-element_type=\"section\" data-e-type=\"section\">\n\t\t\t\t\t\t<div class=\"elementor-container elementor-column-gap-default\">\n\t\t\t\t\t<div class=\"elementor-column elementor-col-50 elementor-inner-column elementor-element elementor-element-07cfbca\" data-id=\"07cfbca\" data-element_type=\"column\" data-e-type=\"column\">\n\t\t\t<div class=\"elementor-widget-wrap elementor-element-populated\">\n\t\t\t\t\t\t<div class=\"elementor-element elementor-element-c01b162 elementor-widget elementor-widget-image\" data-id=\"c01b162\" data-element_type=\"widget\" data-e-type=\"widget\" data-widget_type=\"image.default\">\n\t\t\t\t<div class=\"elementor-widget-container\">\n\t\t\t\t\t\t\t\t\t\t\t\t<figure class=\"wp-caption\">\n\t\t\t\t\t\t\t\t\t\t\t<a href=\"https:\/\/www.urbantree.ch\/wp-content\/uploads\/2023\/02\/urbantree_pflanztiefe_richtig.png\" data-elementor-open-lightbox=\"yes\" data-elementor-lightbox-title=\"urbantree_pflanztiefe_richtig\" data-e-action-hash=\"#elementor-action%3Aaction%3Dlightbox%26settings%3DeyJpZCI6MTcyNiwidXJsIjoiaHR0cHM6XC9cL3d3dy51cmJhbnRyZWUuY2hcL3dwLWNvbnRlbnRcL3VwbG9hZHNcLzIwMjNcLzAyXC91cmJhbnRyZWVfcGZsYW56dGllZmVfcmljaHRpZy5wbmcifQ%3D%3D\">\n\t\t\t\t\t\t\t<img fetchpriority=\"high\" decoding=\"async\" width=\"800\" height=\"400\" src=\"https:\/\/www.urbantree.ch\/wp-content\/uploads\/2023\/02\/urbantree_pflanztiefe_richtig-1024x512.png\" class=\"attachment-large size-large wp-image-1726\" alt=\"\" srcset=\"https:\/\/www.urbantree.ch\/wp-content\/uploads\/2023\/02\/urbantree_pflanztiefe_richtig-1024x512.png 1024w, https:\/\/www.urbantree.ch\/wp-content\/uploads\/2023\/02\/urbantree_pflanztiefe_richtig-300x150.png 300w, https:\/\/www.urbantree.ch\/wp-content\/uploads\/2023\/02\/urbantree_pflanztiefe_richtig-768x384.png 768w, https:\/\/www.urbantree.ch\/wp-content\/uploads\/2023\/02\/urbantree_pflanztiefe_richtig.png 1096w\" sizes=\"(max-width: 800px) 100vw, 800px\" \/>\t\t\t\t\t\t\t\t<\/a>\n\t\t\t\t\t\t\t\t\t\t\t<figcaption class=\"widget-image-caption wp-caption-text\">Korrekt gepflanzter Baum (Bild: urbantree.ch)<\/figcaption>\n\t\t\t\t\t\t\t\t\t\t<\/figure>\n\t\t\t\t\t\t\t\t\t<\/div>\n\t\t\t\t<\/div>\n\t\t\t\t\t<\/div>\n\t\t<\/div>\n\t\t\t\t<div class=\"elementor-column elementor-col-50 elementor-inner-column elementor-element elementor-element-8c43936\" data-id=\"8c43936\" data-element_type=\"column\" data-e-type=\"column\">\n\t\t\t<div class=\"elementor-widget-wrap elementor-element-populated\">\n\t\t\t\t\t\t<div class=\"elementor-element elementor-element-560b9c0 elementor-widget elementor-widget-image\" data-id=\"560b9c0\" data-element_type=\"widget\" data-e-type=\"widget\" data-widget_type=\"image.default\">\n\t\t\t\t<div class=\"elementor-widget-container\">\n\t\t\t\t\t\t\t\t\t\t\t\t<figure class=\"wp-caption\">\n\t\t\t\t\t\t\t\t\t\t\t<a href=\"https:\/\/www.urbantree.ch\/wp-content\/uploads\/2023\/02\/urbantree_pflanztiefe_zutief.png\" data-elementor-open-lightbox=\"yes\" data-elementor-lightbox-title=\"urbantree_pflanztiefe_zutief\" data-e-action-hash=\"#elementor-action%3Aaction%3Dlightbox%26settings%3DeyJpZCI6MTcyNywidXJsIjoiaHR0cHM6XC9cL3d3dy51cmJhbnRyZWUuY2hcL3dwLWNvbnRlbnRcL3VwbG9hZHNcLzIwMjNcLzAyXC91cmJhbnRyZWVfcGZsYW56dGllZmVfenV0aWVmLnBuZyJ9\">\n\t\t\t\t\t\t\t<img decoding=\"async\" width=\"800\" height=\"400\" src=\"https:\/\/www.urbantree.ch\/wp-content\/uploads\/2023\/02\/urbantree_pflanztiefe_zutief-1024x512.png\" class=\"attachment-large size-large wp-image-1727\" alt=\"\" srcset=\"https:\/\/www.urbantree.ch\/wp-content\/uploads\/2023\/02\/urbantree_pflanztiefe_zutief-1024x512.png 1024w, https:\/\/www.urbantree.ch\/wp-content\/uploads\/2023\/02\/urbantree_pflanztiefe_zutief-300x150.png 300w, https:\/\/www.urbantree.ch\/wp-content\/uploads\/2023\/02\/urbantree_pflanztiefe_zutief-768x384.png 768w, https:\/\/www.urbantree.ch\/wp-content\/uploads\/2023\/02\/urbantree_pflanztiefe_zutief.png 1125w\" sizes=\"(max-width: 800px) 100vw, 800px\" \/>\t\t\t\t\t\t\t\t<\/a>\n\t\t\t\t\t\t\t\t\t\t\t<figcaption class=\"widget-image-caption wp-caption-text\">Zu tief gepflanzter Baum (Bild: urbantree.ch)<\/figcaption>\n\t\t\t\t\t\t\t\t\t\t<\/figure>\n\t\t\t\t\t\t\t\t\t<\/div>\n\t\t\t\t<\/div>\n\t\t\t\t\t<\/div>\n\t\t<\/div>\n\t\t\t\t\t<\/div>\n\t\t<\/section>\n\t\t\t\t\t<\/div>\n\t\t<\/div>\n\t\t\t\t\t<\/div>\n\t\t<\/section>\n\t\t\t\t<\/div>\n\t\t","protected":false},"excerpt":{"rendered":"<p>Wie man B\u00e4ume richtig pflanzt Dem korrekten Pflanzen wird oft zuwenig Beachtung geschenkt. So haben verschiedene Faktoren Einfluss auf das Anwachsen und Gedeihen eines Baumes. So ist auf die Pflanztiefe, das richtige Festbinden des Baumes, die geeignete Gr\u00f6sse der Baumgrube sowie die Auswahl des Substrates zu achten. Auf die korrekte Pflanztiefe wird hier genauer eingegangen. [&hellip;]<\/p>\n","protected":false},"author":1,"featured_media":0,"parent":0,"menu_order":0,"comment_status":"closed","ping_status":"closed","template":"","meta":{"footnotes":""},"class_list":["post-179","page","type-page","status-publish","hentry"],"aioseo_notices":[],"_links":{"self":[{"href":"https:\/\/www.urbantree.ch\/index.php\/wp-json\/wp\/v2\/pages\/179","targetHints":{"allow":["GET"]}}],"collection":[{"href":"https:\/\/www.urbantree.ch\/index.php\/wp-json\/wp\/v2\/pages"}],"about":[{"href":"https:\/\/www.urbantree.ch\/index.php\/wp-json\/wp\/v2\/types\/page"}],"author":[{"embeddable":true,"href":"https:\/\/www.urbantree.ch\/index.php\/wp-json\/wp\/v2\/users\/1"}],"replies":[{"embeddable":true,"href":"https:\/\/www.urbantree.ch\/index.php\/wp-json\/wp\/v2\/comments?post=179"}],"version-history":[{"count":215,"href":"https:\/\/www.urbantree.ch\/index.php\/wp-json\/wp\/v2\/pages\/179\/revisions"}],"predecessor-version":[{"id":2283,"href":"https:\/\/www.urbantree.ch\/index.php\/wp-json\/wp\/v2\/pages\/179\/revisions\/2283"}],"wp:attachment":[{"href":"https:\/\/www.urbantree.ch\/index.php\/wp-json\/wp\/v2\/media?parent=179"}],"curies":[{"name":"wp","href":"https:\/\/api.w.org\/{rel}","templated":true}]}}