{"id":2,"date":"2022-11-07T13:19:47","date_gmt":"2022-11-07T13:19:47","guid":{"rendered":"https:\/\/www.urbantree.ch\/?page_id=2"},"modified":"2023-02-23T09:22:35","modified_gmt":"2023-02-23T09:22:35","slug":"sample-page","status":"publish","type":"page","link":"https:\/\/www.urbantree.ch\/","title":{"rendered":"Home"},"content":{"rendered":"\t\t<div data-elementor-type=\"wp-page\" data-elementor-id=\"2\" class=\"elementor elementor-2\">\n\t\t\t\t\t\t<section class=\"elementor-section elementor-top-section elementor-element elementor-element-03e3a0c elementor-section-full_width elementor-section-height-default elementor-section-height-default\" data-id=\"03e3a0c\" data-element_type=\"section\" data-e-type=\"section\">\n\t\t\t\t\t\t<div class=\"elementor-container elementor-column-gap-default\">\n\t\t\t\t\t<div class=\"elementor-column elementor-col-100 elementor-top-column elementor-element elementor-element-dc01f81\" data-id=\"dc01f81\" data-element_type=\"column\" data-e-type=\"column\">\n\t\t\t<div class=\"elementor-widget-wrap elementor-element-populated\">\n\t\t\t\t\t\t<div class=\"elementor-element elementor-element-6004c52 elementor-widget elementor-widget-heading\" data-id=\"6004c52\" data-element_type=\"widget\" data-e-type=\"widget\" data-widget_type=\"heading.default\">\n\t\t\t\t<div class=\"elementor-widget-container\">\n\t\t\t\t\t<h1 class=\"elementor-heading-title elementor-size-default\">B\u00e4ume im urbanen Siedlungsraum werden immer wichtiger<\/h1>\t\t\t\t<\/div>\n\t\t\t\t<\/div>\n\t\t\t\t\t<\/div>\n\t\t<\/div>\n\t\t\t\t\t<\/div>\n\t\t<\/section>\n\t\t\t\t<section class=\"elementor-section elementor-top-section elementor-element elementor-element-58508756 elementor-section-full_width elementor-section-height-default elementor-section-height-default\" data-id=\"58508756\" data-element_type=\"section\" data-e-type=\"section\">\n\t\t\t\t\t\t<div class=\"elementor-container elementor-column-gap-default\">\n\t\t\t\t\t<div class=\"elementor-column elementor-col-100 elementor-top-column elementor-element elementor-element-6e31aa17\" data-id=\"6e31aa17\" data-element_type=\"column\" data-e-type=\"column\">\n\t\t\t<div class=\"elementor-widget-wrap elementor-element-populated\">\n\t\t\t\t\t\t<div class=\"elementor-element elementor-element-207abea2 elementor-widget elementor-widget-text-editor\" data-id=\"207abea2\" data-element_type=\"widget\" data-e-type=\"widget\" data-widget_type=\"text-editor.default\">\n\t\t\t\t<div class=\"elementor-widget-container\">\n\t\t\t\t\t\t\t\t\t<p>Denn die klimatischen Bedingungen\u00a0 in der Schweiz, vor allem im urbanen Raum, werden immer extremer.<\/p>\n<p>Es werden fast jedes Jahr neue klimatische Rekordwerte gemessen. Die Sommer werden immer heisser und trockener. Niederschl\u00e4ge fallen seltener, daf\u00fcr immer heftiger vom Himmel. Die Tendenz zu milderen Wintern nimmt zu, ebenso zu Sturmereignissen mit massiven Schadenereignissen.<\/p>\t\t\t\t\t\t\t\t<\/div>\n\t\t\t\t<\/div>\n\t\t\t\t\t<\/div>\n\t\t<\/div>\n\t\t\t\t\t<\/div>\n\t\t<\/section>\n\t\t\t\t<section class=\"elementor-section elementor-top-section elementor-element elementor-element-1630e73 elementor-section-full_width elementor-section-height-default elementor-section-height-default\" data-id=\"1630e73\" data-element_type=\"section\" data-e-type=\"section\">\n\t\t\t\t\t\t<div class=\"elementor-container elementor-column-gap-default\">\n\t\t\t\t\t<div class=\"elementor-column elementor-col-100 elementor-top-column elementor-element elementor-element-03831d2\" data-id=\"03831d2\" data-element_type=\"column\" data-e-type=\"column\">\n\t\t\t<div class=\"elementor-widget-wrap elementor-element-populated\">\n\t\t\t\t\t\t<div class=\"elementor-element elementor-element-474f60e elementor-widget elementor-widget-text-editor\" data-id=\"474f60e\" data-element_type=\"widget\" data-e-type=\"widget\" data-widget_type=\"text-editor.default\">\n\t\t\t\t<div class=\"elementor-widget-container\">\n\t\t\t\t\t\t\t\t\t<h3>Viele Schweizer Gemeinden haben die Wichtigkeit von B\u00e4umen erkannt und setzen sich zum Ziel, diese zu f\u00f6rdern.<br \/>Diese Webeite soll die urbane Bev\u00f6lkerung zum Thema &#8222;B\u00e4ume&#8220; sensibilisieren und deren Notwendigkeit in der Stadt hervorheben.<br \/>Ausserdem soll sie n\u00e4her auf Nutzen und die positiven Funktionen und Eigenschaften von B\u00e4umen eingehen.<\/h3>\t\t\t\t\t\t\t\t<\/div>\n\t\t\t\t<\/div>\n\t\t\t\t\t<\/div>\n\t\t<\/div>\n\t\t\t\t\t<\/div>\n\t\t<\/section>\n\t\t\t\t<section class=\"elementor-section elementor-top-section elementor-element elementor-element-e55cdbd elementor-section-full_width elementor-section-height-default elementor-section-height-default\" data-id=\"e55cdbd\" data-element_type=\"section\" data-e-type=\"section\">\n\t\t\t\t\t\t<div class=\"elementor-container elementor-column-gap-default\">\n\t\t\t\t\t<div class=\"elementor-column elementor-col-100 elementor-top-column elementor-element elementor-element-4146453\" data-id=\"4146453\" data-element_type=\"column\" data-e-type=\"column\">\n\t\t\t<div class=\"elementor-widget-wrap elementor-element-populated\">\n\t\t\t\t\t\t<div class=\"elementor-element elementor-element-700d4a6 elementor-widget elementor-widget-text-editor\" data-id=\"700d4a6\" data-element_type=\"widget\" data-e-type=\"widget\" data-widget_type=\"text-editor.default\">\n\t\t\t\t<div class=\"elementor-widget-container\">\n\t\t\t\t\t\t\t\t\t<p>B\u00e4ume k\u00f6nnen gerade in den heissen Sommermonaten wichtige Funktionen wahrnehmen. So sorgen sie doch f\u00fcr K\u00fchlung und Beschattung, tragen zur Hitzeminderung bei. Sie verbessern durch die Verdunstung von Wasser das Stadtklima.<\/p>\t\t\t\t\t\t\t\t<\/div>\n\t\t\t\t<\/div>\n\t\t\t\t\t<\/div>\n\t\t<\/div>\n\t\t\t\t\t<\/div>\n\t\t<\/section>\n\t\t\t\t<section class=\"elementor-section elementor-top-section elementor-element elementor-element-15dd453 elementor-section-full_width elementor-section-stretched elementor-section-height-default elementor-section-height-default\" data-id=\"15dd453\" data-element_type=\"section\" data-e-type=\"section\" data-settings=\"{&quot;stretch_section&quot;:&quot;section-stretched&quot;}\">\n\t\t\t\t\t\t<div class=\"elementor-container elementor-column-gap-default\">\n\t\t\t\t\t<div class=\"elementor-column elementor-col-100 elementor-top-column elementor-element elementor-element-bd189f5\" data-id=\"bd189f5\" data-element_type=\"column\" data-e-type=\"column\">\n\t\t\t<div class=\"elementor-widget-wrap elementor-element-populated\">\n\t\t\t\t\t\t<div class=\"elementor-element elementor-element-3895315 elementor-widget__width-auto elementor-widget elementor-widget-shortcode\" data-id=\"3895315\" data-element_type=\"widget\" data-e-type=\"widget\" data-widget_type=\"shortcode.default\">\n\t\t\t\t<div class=\"elementor-widget-container\">\n\t\t\t\t\t\t\t<div class=\"elementor-shortcode\"> \n<style>\n\t#hotspot-849 .hotspots-image-container,\n\t#hotspot-849 .leaflet-container {\n\t\tbackground: #ffffff\t}\n\n\t#hotspot-849 .hotspots-placeholder {\n\t\tbackground: #ffffff;\n\t\tborder: 0 #ffffff solid;\n\t\tcolor: #007600;\n\t}\n\n\t#hotspot-849 .hotspot-title {\n\t\tcolor: #007600;\n\t}\n\n\t\t\t#hotspot-849 .hotspot-default {\n\t\t\tstroke-width: 4;\n\t\t\tfill: #ffffff;\n\t\t\tfill-opacity: 0;\n\t\t\tstroke: #ffffff;\n\t\t\tstroke-opacity: 0;\n\t\t}\n\t\t#hotspot-849 .hotspot-default:hover,\n\t\t#hotspot-849 .hotspot-default:focus-visible,\n\t\t#hotspot-849 .hotspot-default.hotspot-active {\n\t\t\tfill: #007600;\n\t\t\tfill-opacity: 0.26;\n\t\t\tstroke: #007600;\n\t\t\tstroke-opacity: 1.01;\n\t\t}\n\t\t#hotspot-849 .leaflet-tooltip,\n\t#hotspot-849 .leaflet-rrose-content-wrapper {\n\t\tbackground: #ffffff;\n\t\tborder-color: #ffffff;\n\t\tcolor: #007600;\n\t}\n\n\t#hotspot-849 a.leaflet-rrose-close-button {\n\t\tcolor: #007600;\n\t}\n\n\t#hotspot-849 .leaflet-rrose-tip {\n\t\tbackground: #ffffff;\n\t}\n\n\t#hotspot-849 .leaflet-popup-scrolled {\n\t\tborder-bottom-color: #007600;\n\t\tborder-top-color: #007600;\n\t}\n\n\t#hotspot-849 .leaflet-tooltip-top:before {\n\t\tborder-top-color: #ffffff;\n\t}\n\n\t#hotspot-849 .leaflet-tooltip-bottom:before {\n\t\tborder-bottom-color: #ffffff;\n\t}\n\t#hotspot-849 .leaflet-tooltip-left:before {\n\t\tborder-left-color: #ffffff;\n\t}\n\t#hotspot-849 .leaflet-tooltip-right:before {\n\t\tborder-right-color: #ffffff;\n\t}\n<\/style>\n\n\t\n\t<div class=\"hotspots-container links-only layout-left event-click\" id=\"hotspot-849\" data-layout=\"left\" data-trigger=\"click\">\n\t\t<div class=\"hotspots-interaction\">\n\t\t\t<div class=\"hotspots-image-container\">\n\t<img\n\t\twidth=\"1200\"\n\t\theight=\"610\"\n\t\tsrc=\"https:\/\/www.urbantree.ch\/wp-content\/uploads\/2023\/01\/urbantree_interaktiv_01.png\"\n\t\talt=\"\u00dcbersicht\"\n\t\tclass=\"hotspots-image skip-lazy\"\n\t\tusemap=\"#hotspots-image-849\"\n\t\tdata-image-title=\"\u00dcbersicht\"\n\t\tdata-image-description=\"\"\n\t\tdata-event-trigger=\"click\"\n\t\tdata-always-visible=\"false\"\n\t\tdata-id=\"849\"\n\t\tdata-no-lazy=\"1\"\n\t\tdata-lazy-src=\"\"\n\t\tdata-lazy=\"false\"\n\t\tloading=\"eager\"\n\t\tdata-skip-lazy=\"1\"\n\t\t>\n<\/div>\t\t<\/div>\n\t\t<map name=\"hotspots-image-849\" class=\"hotspots-map\">\n\t\t\t\t\t\t\t\t\t\t\t<area\n\t\t\t\t\tshape=\"polygon\"\n\t\t\t\t\tcoords=\"1,355,1,3,1209,1,1202,375,732,337,524,302,382,321,203,332\"\n\t\t\t\t\thref=\"https:\/\/www.urbantree.ch\/index.php\/kronendeckungsgrad\/\"\n\t\t\t\t\trel=\"\"\n\t\t\t\t\ttitle=\"Kronendeckung\"\n\t\t\t\t\talt=\"Kronendeckung\"\n\t\t\t\t\tdata-action=\"url\"\n\t\t\t\t\tdata-color-scheme=\"\"\n\t\t\t\t\ttarget=\"\"\n\t\t\t\t\tclass=\"url-area\"\n\t\t\t\t\t>\n\t\t\t\t\t\t\t\t\t\t\t<area\n\t\t\t\t\tshape=\"polygon\"\n\t\t\t\t\tcoords=\"0,543,201,520,314,506,399,502,422,506,470,504,445,611,0,609\"\n\t\t\t\t\thref=\"https:\/\/www.urbantree.ch\/index.php\/boden\/\"\n\t\t\t\t\trel=\"\"\n\t\t\t\t\ttitle=\"Boden\"\n\t\t\t\t\talt=\"Boden\"\n\t\t\t\t\tdata-action=\"url\"\n\t\t\t\t\tdata-color-scheme=\"\"\n\t\t\t\t\ttarget=\"\"\n\t\t\t\t\tclass=\"url-area\"\n\t\t\t\t\t>\n\t\t\t\t\t\t\t\t\t\t\t<area\n\t\t\t\t\tshape=\"polygon\"\n\t\t\t\t\tcoords=\"871,608,912,511,1023,513,1021,585,1074,586,1060,511,1198,521,1195,608\"\n\t\t\t\t\thref=\"https:\/\/www.urbantree.ch\/index.php\/unterpflanzung\/\"\n\t\t\t\t\trel=\"\"\n\t\t\t\t\ttitle=\"Unterpflanzung\"\n\t\t\t\t\talt=\"Unterpflanzung\"\n\t\t\t\t\tdata-action=\"url\"\n\t\t\t\t\tdata-color-scheme=\"\"\n\t\t\t\t\ttarget=\"\"\n\t\t\t\t\tclass=\"url-area\"\n\t\t\t\t\t>\n\t\t\t\t\t\t\t\t\t\t\t<area\n\t\t\t\t\tshape=\"polygon\"\n\t\t\t\t\tcoords=\"-8,350,538,312,628,320,852,378,1044,391,1193,401,1198,506,-5,460\"\n\t\t\t\t\thref=\"https:\/\/www.urbantree.ch\/index.php\/physiologie_baeume\/\"\n\t\t\t\t\trel=\"\"\n\t\t\t\t\ttitle=\"Physiologie von B\u00e4umen\"\n\t\t\t\t\talt=\"Physiologie von B\u00e4umen\"\n\t\t\t\t\tdata-action=\"url\"\n\t\t\t\t\tdata-color-scheme=\"\"\n\t\t\t\t\ttarget=\"\"\n\t\t\t\t\tclass=\"url-area\"\n\t\t\t\t\t>\n\t\t\t\t\t\t\t\t\t\t\t<area\n\t\t\t\t\tshape=\"polygon\"\n\t\t\t\t\tcoords=\"419,607,874,607,886,503,479,501\"\n\t\t\t\t\thref=\"https:\/\/www.urbantree.ch\/index.php\/wurzeln\/\"\n\t\t\t\t\trel=\"\"\n\t\t\t\t\ttitle=\"Wurzeln im urbanen Raum\"\n\t\t\t\t\talt=\"Wurzeln im urbanen Raum\"\n\t\t\t\t\tdata-action=\"url\"\n\t\t\t\t\tdata-color-scheme=\"\"\n\t\t\t\t\ttarget=\"\"\n\t\t\t\t\tclass=\"url-area\"\n\t\t\t\t\t>\n\t\t\t\t\t<\/map>\n\n\t\t\n\t\t\t\t\t\t\t\t\t\t\t\t\t\t\t\t\t\t<\/div>\n\n<\/div>\n\t\t\t\t\t\t<\/div>\n\t\t\t\t<\/div>\n\t\t\t\t<div class=\"elementor-element elementor-element-7080c9c elementor-widget elementor-widget-text-editor\" data-id=\"7080c9c\" data-element_type=\"widget\" data-e-type=\"widget\" data-widget_type=\"text-editor.default\">\n\t\t\t\t<div class=\"elementor-widget-container\">\n\t\t\t\t\t\t\t\t\t<p><\/p>\n<p>\u00d6ffentlicher Platz (Bild: urbantree.ch)<\/p>\n<p><\/p>\t\t\t\t\t\t\t\t<\/div>\n\t\t\t\t<\/div>\n\t\t\t\t\t<\/div>\n\t\t<\/div>\n\t\t\t\t\t<\/div>\n\t\t<\/section>\n\t\t\t\t<section class=\"elementor-section elementor-top-section elementor-element elementor-element-4863bb1 elementor-section-full_width elementor-section-height-default elementor-section-height-default\" data-id=\"4863bb1\" data-element_type=\"section\" data-e-type=\"section\">\n\t\t\t\t\t\t<div class=\"elementor-container elementor-column-gap-default\">\n\t\t\t\t\t<div class=\"elementor-column elementor-col-100 elementor-top-column elementor-element elementor-element-d3336b1\" data-id=\"d3336b1\" data-element_type=\"column\" data-e-type=\"column\">\n\t\t\t<div class=\"elementor-widget-wrap elementor-element-populated\">\n\t\t\t\t\t\t<div class=\"elementor-element elementor-element-14d3e1d elementor-widget elementor-widget-text-editor\" data-id=\"14d3e1d\" data-element_type=\"widget\" data-e-type=\"widget\" data-widget_type=\"text-editor.default\">\n\t\t\t\t<div class=\"elementor-widget-container\">\n\t\t\t\t\t\t\t\t\t<p>Ausserdem tragen B\u00e4ume zur biologischen Vielfalt in der Stadt bei, indem sie Lebensr\u00e4ume und Nahrung f\u00fcr Tiere bereitstellen sowie Korridore zur Vernetzung bilden.<\/p>\n<p>B\u00e4ume produzieren Sauerstoff, reinigen die Luft und binden Feinstaub und Kohlenstoff. Sie regulieren und puffern das abfliessende Regenwasser in ihren Baumgruben und entlasten somit die Kl\u00e4ranlagen.<\/p>\n<p>Generell bieten B\u00e4ume und Gr\u00fcnfl\u00e4chen eine Umgebung f\u00fcr Erholungs- und Freizeitaktivit\u00e4ten. Der Stresslevel von Stadtbewohnern wird in Gr\u00fcnraumn\u00e4he nachweislich gesenkt (<a href=\"https:\/\/essentials.urbantree.ch\/?page_id=19\" target=\"_blank\" rel=\"noopener\">Quelle und weiterf\u00fchrende Angaben<\/a>) auch dienen sie gerne als Treffpunkte f\u00fcr den sozialen Austausch.<\/p>\t\t\t\t\t\t\t\t<\/div>\n\t\t\t\t<\/div>\n\t\t\t\t\t<\/div>\n\t\t<\/div>\n\t\t\t\t\t<\/div>\n\t\t<\/section>\n\t\t\t\t<section class=\"elementor-section elementor-top-section elementor-element elementor-element-52a9dc8 elementor-section-full_width elementor-section-height-default elementor-section-height-default\" data-id=\"52a9dc8\" data-element_type=\"section\" data-e-type=\"section\">\n\t\t\t\t\t\t<div class=\"elementor-container elementor-column-gap-default\">\n\t\t\t\t\t<div class=\"elementor-column elementor-col-100 elementor-top-column elementor-element elementor-element-686c01a\" data-id=\"686c01a\" data-element_type=\"column\" data-e-type=\"column\">\n\t\t\t<div class=\"elementor-widget-wrap elementor-element-populated\">\n\t\t\t\t\t\t<section class=\"elementor-section elementor-inner-section elementor-element elementor-element-fd9b345 elementor-section-full_width elementor-section-height-default elementor-section-height-default\" data-id=\"fd9b345\" data-element_type=\"section\" data-e-type=\"section\">\n\t\t\t\t\t\t<div class=\"elementor-container elementor-column-gap-default\">\n\t\t\t\t\t<div class=\"elementor-column elementor-col-50 elementor-inner-column elementor-element elementor-element-653be85\" data-id=\"653be85\" data-element_type=\"column\" data-e-type=\"column\">\n\t\t\t<div class=\"elementor-widget-wrap elementor-element-populated\">\n\t\t\t\t\t\t<div class=\"elementor-element elementor-element-d6815d7 elementor-widget__width-inherit elementor-widget elementor-widget-image\" data-id=\"d6815d7\" data-element_type=\"widget\" data-e-type=\"widget\" data-widget_type=\"image.default\">\n\t\t\t\t<div class=\"elementor-widget-container\">\n\t\t\t\t\t\t\t\t\t\t\t\t<figure class=\"wp-caption\">\n\t\t\t\t\t\t\t\t\t\t\t<a href=\"https:\/\/www.urbantree.ch\/wp-content\/uploads\/2022\/12\/urbantree_sechselaeutenplatz01.png\" data-elementor-open-lightbox=\"yes\" data-elementor-lightbox-title=\"urbantree_sechselaeutenplatz01\" data-e-action-hash=\"#elementor-action%3Aaction%3Dlightbox%26settings%3DeyJpZCI6NDQzLCJ1cmwiOiJodHRwczpcL1wvd3d3LnVyYmFudHJlZS5jaFwvd3AtY29udGVudFwvdXBsb2Fkc1wvMjAyMlwvMTJcL3VyYmFudHJlZV9zZWNoc2VsYWV1dGVucGxhdHowMS5wbmcifQ%3D%3D\">\n\t\t\t\t\t\t\t<img fetchpriority=\"high\" decoding=\"async\" width=\"1024\" height=\"525\" src=\"https:\/\/www.urbantree.ch\/wp-content\/uploads\/2022\/12\/urbantree_sechselaeutenplatz01.png\" class=\"attachment-full size-full wp-image-443\" alt=\"\" srcset=\"https:\/\/www.urbantree.ch\/wp-content\/uploads\/2022\/12\/urbantree_sechselaeutenplatz01.png 1024w, https:\/\/www.urbantree.ch\/wp-content\/uploads\/2022\/12\/urbantree_sechselaeutenplatz01-300x154.png 300w, https:\/\/www.urbantree.ch\/wp-content\/uploads\/2022\/12\/urbantree_sechselaeutenplatz01-768x394.png 768w\" sizes=\"(max-width: 1024px) 100vw, 1024px\" \/>\t\t\t\t\t\t\t\t<\/a>\n\t\t\t\t\t\t\t\t\t\t\t<figcaption class=\"widget-image-caption wp-caption-text\">Sechsel\u00e4utenplatz Z\u00fcrich (Quelle: Pixabay.com)<\/figcaption>\n\t\t\t\t\t\t\t\t\t\t<\/figure>\n\t\t\t\t\t\t\t\t\t<\/div>\n\t\t\t\t<\/div>\n\t\t\t\t\t<\/div>\n\t\t<\/div>\n\t\t\t\t<div class=\"elementor-column elementor-col-50 elementor-inner-column elementor-element elementor-element-04b41a5\" data-id=\"04b41a5\" data-element_type=\"column\" data-e-type=\"column\">\n\t\t\t<div class=\"elementor-widget-wrap elementor-element-populated\">\n\t\t\t\t\t\t<div class=\"elementor-element elementor-element-a05eb43 elementor-widget__width-inherit elementor-widget elementor-widget-image\" data-id=\"a05eb43\" data-element_type=\"widget\" data-e-type=\"widget\" data-widget_type=\"image.default\">\n\t\t\t\t<div class=\"elementor-widget-container\">\n\t\t\t\t\t\t\t\t\t\t\t\t<figure class=\"wp-caption\">\n\t\t\t\t\t\t\t\t\t\t\t<a href=\"https:\/\/www.urbantree.ch\/wp-content\/uploads\/2022\/12\/urbantree_stockholm_tiergarten.png\" data-elementor-open-lightbox=\"yes\" data-elementor-lightbox-title=\"urbantree_stockholm_tiergarten\" data-e-action-hash=\"#elementor-action%3Aaction%3Dlightbox%26settings%3DeyJpZCI6NDU0LCJ1cmwiOiJodHRwczpcL1wvd3d3LnVyYmFudHJlZS5jaFwvd3AtY29udGVudFwvdXBsb2Fkc1wvMjAyMlwvMTJcL3VyYmFudHJlZV9zdG9ja2hvbG1fdGllcmdhcnRlbi5wbmcifQ%3D%3D\">\n\t\t\t\t\t\t\t<img decoding=\"async\" width=\"1024\" height=\"410\" src=\"https:\/\/www.urbantree.ch\/wp-content\/uploads\/2022\/12\/urbantree_stockholm_tiergarten.png\" class=\"attachment-full size-full wp-image-454\" alt=\"\" srcset=\"https:\/\/www.urbantree.ch\/wp-content\/uploads\/2022\/12\/urbantree_stockholm_tiergarten.png 1024w, https:\/\/www.urbantree.ch\/wp-content\/uploads\/2022\/12\/urbantree_stockholm_tiergarten-300x120.png 300w, https:\/\/www.urbantree.ch\/wp-content\/uploads\/2022\/12\/urbantree_stockholm_tiergarten-768x308.png 768w\" sizes=\"(max-width: 1024px) 100vw, 1024px\" \/>\t\t\t\t\t\t\t\t<\/a>\n\t\t\t\t\t\t\t\t\t\t\t<figcaption class=\"widget-image-caption wp-caption-text\">Tiergarten Stockholm (Quelle: urbantree.ch)<\/figcaption>\n\t\t\t\t\t\t\t\t\t\t<\/figure>\n\t\t\t\t\t\t\t\t\t<\/div>\n\t\t\t\t<\/div>\n\t\t\t\t\t<\/div>\n\t\t<\/div>\n\t\t\t\t\t<\/div>\n\t\t<\/section>\n\t\t\t\t\t<\/div>\n\t\t<\/div>\n\t\t\t\t\t<\/div>\n\t\t<\/section>\n\t\t\t\t<\/div>\n\t\t","protected":false},"excerpt":{"rendered":"<p>B\u00e4ume im urbanen Siedlungsraum werden immer wichtiger Denn die klimatischen Bedingungen\u00a0 in der Schweiz, vor allem im urbanen Raum, werden immer extremer. Es werden fast jedes Jahr neue klimatische Rekordwerte gemessen. Die Sommer werden immer heisser und trockener. Niederschl\u00e4ge fallen seltener, daf\u00fcr immer heftiger vom Himmel. Die Tendenz zu milderen Wintern nimmt zu, ebenso zu [&hellip;]<\/p>\n","protected":false},"author":1,"featured_media":0,"parent":0,"menu_order":0,"comment_status":"closed","ping_status":"closed","template":"elementor_header_footer","meta":{"footnotes":""},"class_list":["post-2","page","type-page","status-publish","hentry"],"aioseo_notices":[],"_links":{"self":[{"href":"https:\/\/www.urbantree.ch\/index.php\/wp-json\/wp\/v2\/pages\/2","targetHints":{"allow":["GET"]}}],"collection":[{"href":"https:\/\/www.urbantree.ch\/index.php\/wp-json\/wp\/v2\/pages"}],"about":[{"href":"https:\/\/www.urbantree.ch\/index.php\/wp-json\/wp\/v2\/types\/page"}],"author":[{"embeddable":true,"href":"https:\/\/www.urbantree.ch\/index.php\/wp-json\/wp\/v2\/users\/1"}],"replies":[{"embeddable":true,"href":"https:\/\/www.urbantree.ch\/index.php\/wp-json\/wp\/v2\/comments?post=2"}],"version-history":[{"count":356,"href":"https:\/\/www.urbantree.ch\/index.php\/wp-json\/wp\/v2\/pages\/2\/revisions"}],"predecessor-version":[{"id":2352,"href":"https:\/\/www.urbantree.ch\/index.php\/wp-json\/wp\/v2\/pages\/2\/revisions\/2352"}],"wp:attachment":[{"href":"https:\/\/www.urbantree.ch\/index.php\/wp-json\/wp\/v2\/media?parent=2"}],"curies":[{"name":"wp","href":"https:\/\/api.w.org\/{rel}","templated":true}]}}