{"id":292,"date":"2022-12-19T14:27:39","date_gmt":"2022-12-19T14:27:39","guid":{"rendered":"https:\/\/www.urbantree.ch\/?page_id=292"},"modified":"2023-02-23T09:24:25","modified_gmt":"2023-02-23T09:24:25","slug":"kronendeckungsgrad","status":"publish","type":"page","link":"https:\/\/www.urbantree.ch\/index.php\/kronendeckungsgrad\/","title":{"rendered":"Kronendeckungsgrad"},"content":{"rendered":"\t\t<div data-elementor-type=\"wp-page\" data-elementor-id=\"292\" class=\"elementor elementor-292\">\n\t\t\t\t\t\t<section class=\"elementor-section elementor-top-section elementor-element elementor-element-3fc9786 elementor-section-full_width elementor-section-height-default elementor-section-height-default\" data-id=\"3fc9786\" data-element_type=\"section\" data-e-type=\"section\">\n\t\t\t\t\t\t<div class=\"elementor-container elementor-column-gap-default\">\n\t\t\t\t\t<div class=\"elementor-column elementor-col-100 elementor-top-column elementor-element elementor-element-c06a795\" data-id=\"c06a795\" data-element_type=\"column\" data-e-type=\"column\">\n\t\t\t<div class=\"elementor-widget-wrap elementor-element-populated\">\n\t\t\t\t\t\t<div class=\"elementor-element elementor-element-bc14d96 elementor-widget elementor-widget-heading\" data-id=\"bc14d96\" data-element_type=\"widget\" data-e-type=\"widget\" data-widget_type=\"heading.default\">\n\t\t\t\t<div class=\"elementor-widget-container\">\n\t\t\t\t\t<h1 class=\"elementor-heading-title elementor-size-default\">Der Kronendeckungsgrad<\/h1>\t\t\t\t<\/div>\n\t\t\t\t<\/div>\n\t\t\t\t\t<\/div>\n\t\t<\/div>\n\t\t\t\t\t<\/div>\n\t\t<\/section>\n\t\t\t\t<section class=\"elementor-section elementor-top-section elementor-element elementor-element-8c469c5 elementor-section-full_width elementor-section-height-default elementor-section-height-default\" data-id=\"8c469c5\" data-element_type=\"section\" data-e-type=\"section\">\n\t\t\t\t\t\t<div class=\"elementor-container elementor-column-gap-default\">\n\t\t\t\t\t<div class=\"elementor-column elementor-col-100 elementor-top-column elementor-element elementor-element-180d747\" data-id=\"180d747\" data-element_type=\"column\" data-e-type=\"column\">\n\t\t\t<div class=\"elementor-widget-wrap elementor-element-populated\">\n\t\t\t\t\t\t<div class=\"elementor-element elementor-element-ba4bb4e elementor-widget elementor-widget-heading\" data-id=\"ba4bb4e\" data-element_type=\"widget\" data-e-type=\"widget\" data-widget_type=\"heading.default\">\n\t\t\t\t<div class=\"elementor-widget-container\">\n\t\t\t\t\t<h2 class=\"elementor-heading-title elementor-size-default\">Kronendeckungsgrad Stadt Z\u00fcrich<\/h2>\t\t\t\t<\/div>\n\t\t\t\t<\/div>\n\t\t\t\t\t<\/div>\n\t\t<\/div>\n\t\t\t\t\t<\/div>\n\t\t<\/section>\n\t\t\t\t<section class=\"elementor-section elementor-top-section elementor-element elementor-element-e240722 elementor-section-full_width elementor-section-height-default elementor-section-height-default\" data-id=\"e240722\" data-element_type=\"section\" data-e-type=\"section\">\n\t\t\t\t\t\t<div class=\"elementor-container elementor-column-gap-default\">\n\t\t\t\t\t<div class=\"elementor-column elementor-col-100 elementor-top-column elementor-element elementor-element-cb87960\" data-id=\"cb87960\" data-element_type=\"column\" data-e-type=\"column\">\n\t\t\t<div class=\"elementor-widget-wrap elementor-element-populated\">\n\t\t\t\t\t\t<div class=\"elementor-element elementor-element-f6e719f elementor-widget elementor-widget-text-editor\" data-id=\"f6e719f\" data-element_type=\"widget\" data-e-type=\"widget\" data-widget_type=\"text-editor.default\">\n\t\t\t\t<div class=\"elementor-widget-container\">\n\t\t\t\t\t\t\t\t\t<p>Der aktuelle (2018) Kronendeckungsgrad liegt in der Stadt Z\u00fcrich bei etwa 17% (oder 8.9 km2).<\/p>\t\t\t\t\t\t\t\t<\/div>\n\t\t\t\t<\/div>\n\t\t\t\t\t<\/div>\n\t\t<\/div>\n\t\t\t\t\t<\/div>\n\t\t<\/section>\n\t\t\t\t<section class=\"elementor-section elementor-top-section elementor-element elementor-element-3833350 elementor-section-full_width elementor-reverse-tablet elementor-reverse-mobile elementor-section-height-default elementor-section-height-default\" data-id=\"3833350\" data-element_type=\"section\" data-e-type=\"section\">\n\t\t\t\t\t\t<div class=\"elementor-container elementor-column-gap-default\">\n\t\t\t\t\t<div class=\"elementor-column elementor-col-50 elementor-top-column elementor-element elementor-element-1843eaf\" data-id=\"1843eaf\" data-element_type=\"column\" data-e-type=\"column\">\n\t\t\t<div class=\"elementor-widget-wrap elementor-element-populated\">\n\t\t\t\t\t\t<div class=\"elementor-element elementor-element-e06b530 elementor-widget elementor-widget-heading\" data-id=\"e06b530\" data-element_type=\"widget\" data-e-type=\"widget\" data-widget_type=\"heading.default\">\n\t\t\t\t<div class=\"elementor-widget-container\">\n\t\t\t\t\t<h2 class=\"elementor-heading-title elementor-size-default\">Interpretation<\/h2>\t\t\t\t<\/div>\n\t\t\t\t<\/div>\n\t\t\t\t<div class=\"elementor-element elementor-element-da5713c elementor-widget elementor-widget-text-editor\" data-id=\"da5713c\" data-element_type=\"widget\" data-e-type=\"widget\" data-widget_type=\"text-editor.default\">\n\t\t\t\t<div class=\"elementor-widget-container\">\n\t\t\t\t\t\t\t\t\t<p>Dabei wird deutlich, dass die Durchgr\u00fcnung der Stadt Z\u00fcrich sehr unterschiedlich ausf\u00e4llt. So gibt es stark durchgr\u00fcnte Teilgebiete, welche eine Kronenfl\u00e4che von \u00fcber 30% aufweisen. Es sind jedoch auch Gebiete erkennbar, welche eine nur sehr geringe Kronenfl\u00e4che von unter 10% zeigen.<\/p><p>Bei den stark durchgr\u00fcnten Gebieten handelt es sich zum Beispiel um die Hangflanken des Z\u00fcrichbergs, resp. des Mor\u00e4nenh\u00fcgels um das Seebecken (Uetliberg). Ebenso geh\u00f6ren Friedh\u00f6fe, die Seeuferanlagen sowie die bewaldeten Bachtobel zu den stark begr\u00fcnten Fl\u00e4chen.<\/p><p>Punktuell stark durchgr\u00fcnte Fl\u00e4chen finden sich auf den Gebieten von Aussersihl, Wiedikon sowie dem Industrieareal. Dabei handelt es sich oft um Kleinstp\u00e4rke oder Kleinstpl\u00e4tze.<\/p><p>Deutlich erkennbar ist der geringe Durchgr\u00fcnungsanteil in den Gebieten des Industrieareals, des SBB-Geleisk\u00f6rpers sowie auch Gebiete in Oerlikon oder Affoltern. Speziell in diesen Gebieten w\u00e4ren Massnahmen zur Hitzminderung im Sommer n\u00f6tig.<\/p>\t\t\t\t\t\t\t\t<\/div>\n\t\t\t\t<\/div>\n\t\t\t\t\t<\/div>\n\t\t<\/div>\n\t\t\t\t<div class=\"elementor-column elementor-col-50 elementor-top-column elementor-element elementor-element-9adfab1\" data-id=\"9adfab1\" data-element_type=\"column\" data-e-type=\"column\">\n\t\t\t<div class=\"elementor-widget-wrap elementor-element-populated\">\n\t\t\t\t\t\t<div class=\"elementor-element elementor-element-571b91c elementor-widget elementor-widget-image\" data-id=\"571b91c\" data-element_type=\"widget\" data-e-type=\"widget\" data-widget_type=\"image.default\">\n\t\t\t\t<div class=\"elementor-widget-container\">\n\t\t\t\t\t\t\t\t\t\t\t\t<figure class=\"wp-caption\">\n\t\t\t\t\t\t\t\t\t\t\t<a href=\"https:\/\/www.urbantree.ch\/wp-content\/uploads\/2022\/12\/KronenflaecheStadtZuerich.png\" data-elementor-open-lightbox=\"yes\" data-elementor-lightbox-title=\"KronenflaecheStadtZ\u00fcrich\" data-e-action-hash=\"#elementor-action%3Aaction%3Dlightbox%26settings%3DeyJpZCI6MzkxLCJ1cmwiOiJodHRwczpcL1wvd3d3LnVyYmFudHJlZS5jaFwvd3AtY29udGVudFwvdXBsb2Fkc1wvMjAyMlwvMTJcL0tyb25lbmZsYWVjaGVTdGFkdFp1ZXJpY2gucG5nIn0%3D\">\n\t\t\t\t\t\t\t<img fetchpriority=\"high\" decoding=\"async\" width=\"1128\" height=\"1077\" src=\"https:\/\/www.urbantree.ch\/wp-content\/uploads\/2022\/12\/KronenflaecheStadtZuerich.png\" class=\"attachment-1536x1536 size-1536x1536 wp-image-391\" alt=\"\" srcset=\"https:\/\/www.urbantree.ch\/wp-content\/uploads\/2022\/12\/KronenflaecheStadtZuerich.png 1128w, https:\/\/www.urbantree.ch\/wp-content\/uploads\/2022\/12\/KronenflaecheStadtZuerich-300x286.png 300w, https:\/\/www.urbantree.ch\/wp-content\/uploads\/2022\/12\/KronenflaecheStadtZuerich-1024x978.png 1024w, https:\/\/www.urbantree.ch\/wp-content\/uploads\/2022\/12\/KronenflaecheStadtZuerich-768x733.png 768w\" sizes=\"(max-width: 1128px) 100vw, 1128px\" \/>\t\t\t\t\t\t\t\t<\/a>\n\t\t\t\t\t\t\t\t\t\t\t<figcaption class=\"widget-image-caption wp-caption-text\">Kronendeckung, Bild \"Fachplanung Stadtb\u00e4ume\", Stadt Z\u00fcrich<\/figcaption>\n\t\t\t\t\t\t\t\t\t\t<\/figure>\n\t\t\t\t\t\t\t\t\t<\/div>\n\t\t\t\t<\/div>\n\t\t\t\t\t<\/div>\n\t\t<\/div>\n\t\t\t\t\t<\/div>\n\t\t<\/section>\n\t\t\t\t<section class=\"elementor-section elementor-top-section elementor-element elementor-element-2d2e157 elementor-section-full_width elementor-section-height-default elementor-section-height-default\" data-id=\"2d2e157\" data-element_type=\"section\" data-e-type=\"section\">\n\t\t\t\t\t\t<div class=\"elementor-container elementor-column-gap-default\">\n\t\t\t\t\t<div class=\"elementor-column elementor-col-100 elementor-top-column elementor-element elementor-element-36808b4\" data-id=\"36808b4\" data-element_type=\"column\" data-e-type=\"column\">\n\t\t\t<div class=\"elementor-widget-wrap elementor-element-populated\">\n\t\t\t\t\t\t<div class=\"elementor-element elementor-element-c596006 elementor-widget elementor-widget-heading\" data-id=\"c596006\" data-element_type=\"widget\" data-e-type=\"widget\" data-widget_type=\"heading.default\">\n\t\t\t\t<div class=\"elementor-widget-container\">\n\t\t\t\t\t<h2 class=\"elementor-heading-title elementor-size-default\">Richtwerte f\u00fcr 2050<\/h2>\t\t\t\t<\/div>\n\t\t\t\t<\/div>\n\t\t\t\t\t<\/div>\n\t\t<\/div>\n\t\t\t\t\t<\/div>\n\t\t<\/section>\n\t\t\t\t<section class=\"elementor-section elementor-top-section elementor-element elementor-element-969f9a5 elementor-section-full_width elementor-section-height-default elementor-section-height-default\" data-id=\"969f9a5\" data-element_type=\"section\" data-e-type=\"section\">\n\t\t\t\t\t\t<div class=\"elementor-container elementor-column-gap-default\">\n\t\t\t\t\t<div class=\"elementor-column elementor-col-100 elementor-top-column elementor-element elementor-element-e47de70\" data-id=\"e47de70\" data-element_type=\"column\" data-e-type=\"column\">\n\t\t\t<div class=\"elementor-widget-wrap elementor-element-populated\">\n\t\t\t\t\t\t<div class=\"elementor-element elementor-element-382262b elementor-widget elementor-widget-text-editor\" data-id=\"382262b\" data-element_type=\"widget\" data-e-type=\"widget\" data-widget_type=\"text-editor.default\">\n\t\t\t\t<div class=\"elementor-widget-container\">\n\t\t\t\t\t\t\t\t\t<p>Die Zielrichtung betreffend der Durchgr\u00fcnung der Stadt Z\u00fcrich lautet:<br \/><span dir=\"ltr\" role=\"presentation\">Durchgr\u00fc<\/span><span dir=\"ltr\" role=\"presentation\">nung in unterdurchschnittlichen Gebieten erh\u00f6hen <\/span><span dir=\"ltr\" role=\"presentation\">und in \u00fcberdurchschnittlichen Gebieten erhalten.<\/span><\/p><p>Das Potential f\u00fcr Baumpflanzungen ist innerhalb der bestehenden Stadtstrukturen unterschiedlich hoch.<br \/>So haben beispielsweise Villenquartiere, Dorfkerne oder die Altstadt nur wenig Potential f\u00fcr eine h\u00f6here Durchgr\u00fcnung. Grosses Potential jedoch hat das Mischgebiet (Industrie \/ Gewerbe \/ Wohnen) sowie s\u00e4mtliche Strassenr\u00e4ume in der Stadtstruktur.<\/p><p>(Quelle: <a href=\"https:\/\/www.stadt-zuerich.ch\/content\/dam\/stzh\/ted\/Deutsch\/gsz_2\/publikationen\/natur-erleben\/stadtbaeume\/baeume-in-der-stadt-zuerich\/fp-stadtbaeume\/Beilage1_FP_Stadtb%C3%A4ume_Bericht_400dpi_211104_compressed.pdf\" target=\"_blank\" rel=\"noopener\">Fachplanung Stadtb\u00e4ume, Seite 62-74<\/a>)<\/p>\t\t\t\t\t\t\t\t<\/div>\n\t\t\t\t<\/div>\n\t\t\t\t\t<\/div>\n\t\t<\/div>\n\t\t\t\t\t<\/div>\n\t\t<\/section>\n\t\t\t\t<section class=\"elementor-section elementor-top-section elementor-element elementor-element-0b44e79 elementor-section-full_width elementor-section-content-bottom elementor-section-height-default elementor-section-height-default\" data-id=\"0b44e79\" data-element_type=\"section\" data-e-type=\"section\">\n\t\t\t\t\t\t<div class=\"elementor-container elementor-column-gap-default\">\n\t\t\t\t\t<div class=\"elementor-column elementor-col-50 elementor-top-column elementor-element elementor-element-8775344\" data-id=\"8775344\" data-element_type=\"column\" data-e-type=\"column\">\n\t\t\t<div class=\"elementor-widget-wrap elementor-element-populated\">\n\t\t\t\t\t\t<div class=\"elementor-element elementor-element-1ff62da elementor-widget__width-inherit elementor-widget elementor-widget-image\" data-id=\"1ff62da\" data-element_type=\"widget\" data-e-type=\"widget\" data-widget_type=\"image.default\">\n\t\t\t\t<div class=\"elementor-widget-container\">\n\t\t\t\t\t\t\t\t\t\t\t\t<figure class=\"wp-caption\">\n\t\t\t\t\t\t\t\t\t\t\t<a href=\"https:\/\/www.urbantree.ch\/wp-content\/uploads\/2023\/02\/urbantree_KronendeckungWohnArbeitsumfeld.png\" data-elementor-open-lightbox=\"yes\" data-elementor-lightbox-title=\"urbantree_KronendeckungWohnArbeitsumfeld\" data-e-action-hash=\"#elementor-action%3Aaction%3Dlightbox%26settings%3DeyJpZCI6MTc4NywidXJsIjoiaHR0cHM6XC9cL3d3dy51cmJhbnRyZWUuY2hcL3dwLWNvbnRlbnRcL3VwbG9hZHNcLzIwMjNcLzAyXC91cmJhbnRyZWVfS3JvbmVuZGVja3VuZ1dvaG5BcmJlaXRzdW1mZWxkLnBuZyJ9\">\n\t\t\t\t\t\t\t<img decoding=\"async\" width=\"800\" height=\"335\" src=\"https:\/\/www.urbantree.ch\/wp-content\/uploads\/2023\/02\/urbantree_KronendeckungWohnArbeitsumfeld-1024x429.png\" class=\"attachment-large size-large wp-image-1787\" alt=\"\" srcset=\"https:\/\/www.urbantree.ch\/wp-content\/uploads\/2023\/02\/urbantree_KronendeckungWohnArbeitsumfeld-1024x429.png 1024w, https:\/\/www.urbantree.ch\/wp-content\/uploads\/2023\/02\/urbantree_KronendeckungWohnArbeitsumfeld-300x126.png 300w, https:\/\/www.urbantree.ch\/wp-content\/uploads\/2023\/02\/urbantree_KronendeckungWohnArbeitsumfeld-768x322.png 768w, https:\/\/www.urbantree.ch\/wp-content\/uploads\/2023\/02\/urbantree_KronendeckungWohnArbeitsumfeld.png 1079w\" sizes=\"(max-width: 800px) 100vw, 800px\" \/>\t\t\t\t\t\t\t\t<\/a>\n\t\t\t\t\t\t\t\t\t\t\t<figcaption class=\"widget-image-caption wp-caption-text\">Durchgr\u00fcnungspotentiale Wohn- Arbeitsumfelder (Bild: Fachplanung Stadtb\u00e4ume)<\/figcaption>\n\t\t\t\t\t\t\t\t\t\t<\/figure>\n\t\t\t\t\t\t\t\t\t<\/div>\n\t\t\t\t<\/div>\n\t\t\t\t\t<\/div>\n\t\t<\/div>\n\t\t\t\t<div class=\"elementor-column elementor-col-50 elementor-top-column elementor-element elementor-element-fddd600\" data-id=\"fddd600\" data-element_type=\"column\" data-e-type=\"column\">\n\t\t\t<div class=\"elementor-widget-wrap elementor-element-populated\">\n\t\t\t\t\t\t<div class=\"elementor-element elementor-element-3ebb1ac elementor-widget__width-inherit elementor-widget elementor-widget-image\" data-id=\"3ebb1ac\" data-element_type=\"widget\" data-e-type=\"widget\" data-widget_type=\"image.default\">\n\t\t\t\t<div class=\"elementor-widget-container\">\n\t\t\t\t\t\t\t\t\t\t\t\t<figure class=\"wp-caption\">\n\t\t\t\t\t\t\t\t\t\t\t<a href=\"https:\/\/www.urbantree.ch\/wp-content\/uploads\/2023\/02\/urbantree_KronendeckungStrassenraeume.png\" data-elementor-open-lightbox=\"yes\" data-elementor-lightbox-title=\"urbantree_KronendeckungStrassenraeume\" data-e-action-hash=\"#elementor-action%3Aaction%3Dlightbox%26settings%3DeyJpZCI6MTc4NiwidXJsIjoiaHR0cHM6XC9cL3d3dy51cmJhbnRyZWUuY2hcL3dwLWNvbnRlbnRcL3VwbG9hZHNcLzIwMjNcLzAyXC91cmJhbnRyZWVfS3JvbmVuZGVja3VuZ1N0cmFzc2VucmFldW1lLnBuZyJ9\">\n\t\t\t\t\t\t\t<img decoding=\"async\" width=\"800\" height=\"388\" src=\"https:\/\/www.urbantree.ch\/wp-content\/uploads\/2023\/02\/urbantree_KronendeckungStrassenraeume-1024x496.png\" class=\"attachment-large size-large wp-image-1786\" alt=\"\" srcset=\"https:\/\/www.urbantree.ch\/wp-content\/uploads\/2023\/02\/urbantree_KronendeckungStrassenraeume-1024x496.png 1024w, https:\/\/www.urbantree.ch\/wp-content\/uploads\/2023\/02\/urbantree_KronendeckungStrassenraeume-300x145.png 300w, https:\/\/www.urbantree.ch\/wp-content\/uploads\/2023\/02\/urbantree_KronendeckungStrassenraeume-768x372.png 768w, https:\/\/www.urbantree.ch\/wp-content\/uploads\/2023\/02\/urbantree_KronendeckungStrassenraeume.png 1082w\" sizes=\"(max-width: 800px) 100vw, 800px\" \/>\t\t\t\t\t\t\t\t<\/a>\n\t\t\t\t\t\t\t\t\t\t\t<figcaption class=\"widget-image-caption wp-caption-text\">Durchgr\u00fcnungspotentiale Strassenr\u00e4ume (Bild: Fachplanung Stadtb\u00e4ume)<\/figcaption>\n\t\t\t\t\t\t\t\t\t\t<\/figure>\n\t\t\t\t\t\t\t\t\t<\/div>\n\t\t\t\t<\/div>\n\t\t\t\t\t<\/div>\n\t\t<\/div>\n\t\t\t\t\t<\/div>\n\t\t<\/section>\n\t\t\t\t<section class=\"elementor-section elementor-top-section elementor-element elementor-element-a9c0175 elementor-section-full_width elementor-section-height-default elementor-section-height-default\" data-id=\"a9c0175\" data-element_type=\"section\" data-e-type=\"section\">\n\t\t\t\t\t\t<div class=\"elementor-container elementor-column-gap-default\">\n\t\t\t\t\t<div class=\"elementor-column elementor-col-100 elementor-top-column elementor-element elementor-element-a4809ea\" data-id=\"a4809ea\" data-element_type=\"column\" data-e-type=\"column\">\n\t\t\t<div class=\"elementor-widget-wrap elementor-element-populated\">\n\t\t\t\t\t\t<div class=\"elementor-element elementor-element-904f4b2 elementor-widget elementor-widget-heading\" data-id=\"904f4b2\" data-element_type=\"widget\" data-e-type=\"widget\" data-widget_type=\"heading.default\">\n\t\t\t\t<div class=\"elementor-widget-container\">\n\t\t\t\t\t<h2 class=\"elementor-heading-title elementor-size-default\">Methodik zur Ermittlung des Kronendeckungsgrades<\/h2>\t\t\t\t<\/div>\n\t\t\t\t<\/div>\n\t\t\t\t\t<\/div>\n\t\t<\/div>\n\t\t\t\t\t<\/div>\n\t\t<\/section>\n\t\t\t\t<section class=\"elementor-section elementor-top-section elementor-element elementor-element-094a28c elementor-section-full_width elementor-section-height-default elementor-section-height-default\" data-id=\"094a28c\" data-element_type=\"section\" data-e-type=\"section\">\n\t\t\t\t\t\t<div class=\"elementor-container elementor-column-gap-default\">\n\t\t\t\t\t<div class=\"elementor-column elementor-col-100 elementor-top-column elementor-element elementor-element-2a61232\" data-id=\"2a61232\" data-element_type=\"column\" data-e-type=\"column\">\n\t\t\t<div class=\"elementor-widget-wrap elementor-element-populated\">\n\t\t\t\t\t\t<div class=\"elementor-element elementor-element-8828ed9 elementor-widget elementor-widget-text-editor\" data-id=\"8828ed9\" data-element_type=\"widget\" data-e-type=\"widget\" data-widget_type=\"text-editor.default\">\n\t\t\t\t<div class=\"elementor-widget-container\">\n\t\t\t\t\t\t\t\t\t<p>Mittels Lidar l\u00e4sst sich die Kronenfl\u00e4che und das Kronenvolumen in einem Gebiet einigermassen zuverl\u00e4ssig ermitteln. Seit den 2000er Jahren nutzt Swisstopo die Lidartechnologie zur Produkion des digitalen Terrainmodells der Schweiz. Airborne LIDAR (Light Detection and Ranging) ist eine der effizientesten Verfahren, um Gel\u00e4nde in 3D zu erfassen und liefert hochwertige Daten in Bezug auf den Detaillierungsgrad und die Genauigkeit. Die aktuelle, im Jahr 2017 gestartete Kampagne geht 2024 zu Ende. Dabei wurde die gesamte Schweiz erfasst.<br \/>Der Kanton Z\u00fcrich wurde in den Jahren 2017\/18 erfasst.<\/p><p>Weiterf\u00fchrende Informationen zu LIDAR: <a href=\"https:\/\/www.swisstopo.admin.ch\/de\/wissen-fakten\/geoinformation\/lidar-daten.html\" target=\"_blank\" rel=\"noopener\">https:\/\/swisstopo.admin<\/a><\/p>\t\t\t\t\t\t\t\t<\/div>\n\t\t\t\t<\/div>\n\t\t\t\t\t<\/div>\n\t\t<\/div>\n\t\t\t\t\t<\/div>\n\t\t<\/section>\n\t\t\t\t<\/div>\n\t\t","protected":false},"excerpt":{"rendered":"<p>Der Kronendeckungsgrad Kronendeckungsgrad Stadt Z\u00fcrich Der aktuelle (2018) Kronendeckungsgrad liegt in der Stadt Z\u00fcrich bei etwa 17% (oder 8.9 km2). Interpretation Dabei wird deutlich, dass die Durchgr\u00fcnung der Stadt Z\u00fcrich sehr unterschiedlich ausf\u00e4llt. So gibt es stark durchgr\u00fcnte Teilgebiete, welche eine Kronenfl\u00e4che von \u00fcber 30% aufweisen. Es sind jedoch auch Gebiete erkennbar, welche eine nur [&hellip;]<\/p>\n","protected":false},"author":1,"featured_media":0,"parent":0,"menu_order":0,"comment_status":"closed","ping_status":"closed","template":"elementor_theme","meta":{"footnotes":""},"class_list":["post-292","page","type-page","status-publish","hentry"],"aioseo_notices":[],"_links":{"self":[{"href":"https:\/\/www.urbantree.ch\/index.php\/wp-json\/wp\/v2\/pages\/292","targetHints":{"allow":["GET"]}}],"collection":[{"href":"https:\/\/www.urbantree.ch\/index.php\/wp-json\/wp\/v2\/pages"}],"about":[{"href":"https:\/\/www.urbantree.ch\/index.php\/wp-json\/wp\/v2\/types\/page"}],"author":[{"embeddable":true,"href":"https:\/\/www.urbantree.ch\/index.php\/wp-json\/wp\/v2\/users\/1"}],"replies":[{"embeddable":true,"href":"https:\/\/www.urbantree.ch\/index.php\/wp-json\/wp\/v2\/comments?post=292"}],"version-history":[{"count":195,"href":"https:\/\/www.urbantree.ch\/index.php\/wp-json\/wp\/v2\/pages\/292\/revisions"}],"predecessor-version":[{"id":2355,"href":"https:\/\/www.urbantree.ch\/index.php\/wp-json\/wp\/v2\/pages\/292\/revisions\/2355"}],"wp:attachment":[{"href":"https:\/\/www.urbantree.ch\/index.php\/wp-json\/wp\/v2\/media?parent=292"}],"curies":[{"name":"wp","href":"https:\/\/api.w.org\/{rel}","templated":true}]}}